{"id":98,"date":"2022-10-27T01:54:07","date_gmt":"2022-10-26T23:54:07","guid":{"rendered":"http:\/\/acekisstattoo.fr\/?page_id=98"},"modified":"2023-04-14T16:59:28","modified_gmt":"2023-04-14T14:59:28","slug":"bien-se-preparer-le-jour-de-son-tattoo","status":"publish","type":"page","link":"https:\/\/www.acekisstattoo.fr\/index.php\/bien-se-preparer-le-jour-de-son-tattoo\/","title":{"rendered":"Bien se pr\u00e9parer pour le jour de son tattoo"},"content":{"rendered":"\n<div class=\"wp-block-cover is-light\"><span aria-hidden=\"true\" class=\"wp-block-cover__background has-background-dim-30 has-background-dim\"><\/span><img loading=\"lazy\" decoding=\"async\" width=\"250\" height=\"202\" class=\"wp-block-cover__image-background wp-image-104\" alt=\"Pose du transfert\" src=\"http:\/\/acekisstattoo.fr\/wp-content\/uploads\/2022\/10\/images.jpg\" style=\"object-position:45% 42%\" data-object-fit=\"cover\" data-object-position=\"45% 42%\"\/><div class=\"wp-block-cover__inner-container is-layout-flow wp-block-cover-is-layout-flow\">\n<p class=\"has-text-align-center has-sitebg-color has-text-color has-larger-font-size\"><strong><em>Le jour J&#8230;<\/em><\/strong><\/p>\n<\/div><\/div>\n\n\n\n<h2 class=\"wp-block-heading\"><strong>On ne boit pas et on ne fume pas de substances illicites &#8230; (surtout le jour de son tatouage)<\/strong><\/h2>\n\n\n\n<p>Vous penserez peut-\u00eatre vous d\u00e9stresser mais c\u2019est une tr\u00e8s mauvaise id\u00e9e. Le cannabis par exemple fluidifie le sang et cela pourrait rendre difficile la s\u00e9ance de tatouage si vous vous mettez \u00e0 beaucoup saigner.<\/p>\n\n\n\n<p>On oublie aussi les anti-inflammatoire et l\u2019aspirine qui font aussi jouer en votre d\u00e9faveur au moment critique. Pensez \u00e0 bien dormir la veille pour \u00eatre moins sensible d\u00fb \u00e0 la fatigue et bien manger avant d\u2019y aller pour ne pas \u00eatre faible.<\/p>\n\n\n\n<h2 class=\"wp-block-heading\"><strong>Oui \u00e7a fait mal<\/strong> !<\/h2>\n\n\n\n<p>Je n&rsquo;applique aucune cr\u00e8me anesth\u00e9siante avant le tattoo. Sachez qu\u2019au bout de quelques minutes, le corps s\u2019habitue \u00e0 la douleur et cela devient supportable. Et sinon au pire ce n\u2019est que quelques minutes\/heures pour un beau tatouage \u00e0 vie. Certains arrivent m\u00eame \u00e0 s\u2019endormir pendant.<\/p>\n\n\n\n<h2 class=\"wp-block-heading\">Habillez-vous en cons\u00e9quence<\/h2>\n\n\n\n<p>&#8230; et en noir de pr\u00e9f\u00e9rence. Il y a des risques de trace d&rsquo;encre ou de cr\u00e8me sur les v\u00eatements.<\/p>\n\n\n\n<h2 class=\"wp-block-heading\">L&rsquo;acte de rasage est normalement pr\u00e9vu par votre tatoueur<\/h2>\n\n\n\n<p>Personnellement, je rase au rasoir. Mais dans la pratique notamment pour les zones intimes ou les jambes chez les femmes, vous pouvez vous raser la veille du tattoo \u2026 pr\u00e9voyez 2 ou 3 centim\u00e8tres de plus autour de la zone de tatouage.<\/p>\n\n\n\n<div style=\"height:61px\" aria-hidden=\"true\" class=\"wp-block-spacer\"><\/div>\n\n\n\n<div class=\"wp-block-cover is-light\"><span aria-hidden=\"true\" class=\"wp-block-cover__background has-sitetext-background-color has-background-dim-30 has-background-dim\"><\/span><img loading=\"lazy\" decoding=\"async\" width=\"640\" height=\"638\" class=\"wp-block-cover__image-background wp-image-14\" alt=\"\" src=\"http:\/\/acekisstattoo.fr\/wp-content\/uploads\/2022\/10\/IMG-20221026-WA0016.jpg\" data-object-fit=\"cover\" srcset=\"https:\/\/www.acekisstattoo.fr\/wp-content\/uploads\/2022\/10\/IMG-20221026-WA0016.jpg 640w, https:\/\/www.acekisstattoo.fr\/wp-content\/uploads\/2022\/10\/IMG-20221026-WA0016-300x300.jpg 300w, https:\/\/www.acekisstattoo.fr\/wp-content\/uploads\/2022\/10\/IMG-20221026-WA0016-150x150.jpg 150w\" sizes=\"auto, (max-width: 640px) 100vw, 640px\" \/><div class=\"wp-block-cover__inner-container is-layout-flow wp-block-cover-is-layout-flow\">\n<p class=\"has-text-align-center has-sitebg-color has-text-color has-larger-font-size\"><strong>Apr\u00e8s le tataouage<\/strong><\/p>\n<\/div><\/div>\n\n\n\n<h2 class=\"wp-block-heading\"><br>Gel savon surgras dans la douche<\/h2>\n\n\n\n<p>Par contre oubliez l\u2019\u00e9ponge, ou la fleur de douche ( agression ! ) mais lavez soigneusement et d\u00e9licatement votre tatouage avec la paume de la main tout en l\u00e9g\u00e8ret\u00e9. Pas de gommage, autres savons, ni \u00e9pilation \u2026 Laissez lui le temps de s\u2019installer sur votre \u00e9piderme tranquillement.<\/p>\n\n\n\n<h2 class=\"wp-block-heading\">Pour le soir, pr\u00e9voyez une cr\u00e8me cicatrisante <\/h2>\n\n\n\n<p>&#8230; De type B\u00eapanthen, Hom\u00e9oplasmine, une huile de coco ou de Karit\u00e9. Pensez \u00e9galement \u00e0 prendre du film alimentaire pour entourer votre tattoo (prot\u00e8ge vos draps et v\u00eatements).<\/p>\n\n\n\n<h2 class=\"wp-block-heading\">Pas de piscine, pas de bain, pas de mer\u2026<\/h2>\n\n\n\n<p>Et non, on oublie totalement l\u2019immersion sous l\u2019eau car cela risque de mal cicatriser le tatouage. Une douche et c\u2019est tout ! Donc oubliez vos vacances \u00e0 la mer ( de toute fa\u00e7on le soleil c\u2019est pas bon ! )<\/p>\n\n\n\n<h2 class=\"wp-block-heading\">Ne pas te gratter !<\/h2>\n\n\n\n<p>Ouh la la on ne s\u2019y attend pas \u00e0 \u00e7a ! La d\u00e9mangeaison sur ton tatouage sera l\u00e9g\u00e8re, intense ou insoutenable cela d\u00e9pend de ton tatouage et de la r\u00e9action de ta peau. Laissez les croutes se former pour une bonne cicatrisation sinon votre encre risque de mal supporter le grattage !<\/p>\n\n\n\n<div style=\"height:14px\" aria-hidden=\"true\" class=\"wp-block-spacer\"><\/div>\n\n\n\n<blockquote class=\"wp-block-quote is-layout-flow wp-block-quote-is-layout-flow\">\n<p>Je reste disponible pour r\u00e9pondre \u00e0 toutes vos questions concernant l&rsquo;entretien de votre tatouage et vous fournir des conseils suppl\u00e9mentaires si n\u00e9cessaire. N&rsquo;h\u00e9sitez pas \u00e0 me contacter si vous avez des pr\u00e9occupations ou des doutes sur les soins apr\u00e8s-tatouage.<\/p>\n<\/blockquote>\n\n\n\n<div style=\"height:100px\" aria-hidden=\"true\" class=\"wp-block-spacer\"><\/div>\n","protected":false},"excerpt":{"rendered":"<p>On ne boit pas et on ne fume pas de substances illicites &#8230; (surtout le jour de son tatouage) Vous penserez peut-\u00eatre vous d\u00e9stresser mais &hellip;<\/p>\n","protected":false},"author":1,"featured_media":0,"parent":0,"menu_order":0,"comment_status":"closed","ping_status":"closed","template":"","meta":{"footnotes":""},"class_list":["post-98","page","type-page","status-publish","hentry"],"yoast_head":"<!-- This site is optimized with the Yoast SEO plugin v26.6 - https:\/\/yoast.com\/wordpress\/plugins\/seo\/ -->\n<title>Bien se pr\u00e9parer pour le jour de son tattoo - Acekiss Tattoo<\/title>\n<meta name=\"description\" content=\"Quelques conseils de base sur la pr\u00e9paration et l&#039;hygi\u00e8ne pour mieux vivre l&#039;avant et l&#039;apr\u00e8s s\u00e9ance de tatouage.\" \/>\n<meta name=\"robots\" content=\"index, follow, max-snippet:-1, max-image-preview:large, max-video-preview:-1\" \/>\n<link rel=\"canonical\" href=\"http:\/\/www.acekisstattoo.fr\/index.php\/bien-se-preparer-le-jour-de-son-tattoo\/\" \/>\n<meta property=\"og:locale\" content=\"fr_FR\" \/>\n<meta property=\"og:type\" content=\"article\" \/>\n<meta property=\"og:title\" content=\"Bien se pr\u00e9parer pour le jour de son tattoo - Acekiss Tattoo\" \/>\n<meta property=\"og:description\" content=\"Quelques conseils de base sur la pr\u00e9paration et l&#039;hygi\u00e8ne pour mieux vivre l&#039;avant et l&#039;apr\u00e8s s\u00e9ance de tatouage.\" \/>\n<meta property=\"og:url\" content=\"http:\/\/www.acekisstattoo.fr\/index.php\/bien-se-preparer-le-jour-de-son-tattoo\/\" \/>\n<meta property=\"og:site_name\" content=\"Acekiss Tattoo\" \/>\n<meta property=\"article:publisher\" content=\"https:\/\/www.facebook.com\/acekiss.tatoo\" \/>\n<meta property=\"article:modified_time\" content=\"2023-04-14T14:59:28+00:00\" \/>\n<meta property=\"og:image\" content=\"http:\/\/acekisstattoo.fr\/wp-content\/uploads\/2022\/10\/images.jpg\" \/>\n<meta name=\"twitter:card\" content=\"summary_large_image\" \/>\n<meta name=\"twitter:label1\" content=\"Dur\u00e9e de lecture estim\u00e9e\" \/>\n\t<meta name=\"twitter:data1\" content=\"3 minutes\" \/>\n<script type=\"application\/ld+json\" class=\"yoast-schema-graph\">{\"@context\":\"https:\/\/schema.org\",\"@graph\":[{\"@type\":\"WebPage\",\"@id\":\"http:\/\/www.acekisstattoo.fr\/index.php\/bien-se-preparer-le-jour-de-son-tattoo\/\",\"url\":\"http:\/\/www.acekisstattoo.fr\/index.php\/bien-se-preparer-le-jour-de-son-tattoo\/\",\"name\":\"Bien se pr\u00e9parer pour le jour de son tattoo - Acekiss Tattoo\",\"isPartOf\":{\"@id\":\"http:\/\/www.acekisstattoo.fr\/#website\"},\"primaryImageOfPage\":{\"@id\":\"http:\/\/www.acekisstattoo.fr\/index.php\/bien-se-preparer-le-jour-de-son-tattoo\/#primaryimage\"},\"image\":{\"@id\":\"http:\/\/www.acekisstattoo.fr\/index.php\/bien-se-preparer-le-jour-de-son-tattoo\/#primaryimage\"},\"thumbnailUrl\":\"http:\/\/acekisstattoo.fr\/wp-content\/uploads\/2022\/10\/images.jpg\",\"datePublished\":\"2022-10-26T23:54:07+00:00\",\"dateModified\":\"2023-04-14T14:59:28+00:00\",\"description\":\"Quelques conseils de base sur la pr\u00e9paration et l'hygi\u00e8ne pour mieux vivre l'avant et l'apr\u00e8s s\u00e9ance de tatouage.\",\"breadcrumb\":{\"@id\":\"http:\/\/www.acekisstattoo.fr\/index.php\/bien-se-preparer-le-jour-de-son-tattoo\/#breadcrumb\"},\"inLanguage\":\"fr-FR\",\"potentialAction\":[{\"@type\":\"ReadAction\",\"target\":[\"http:\/\/www.acekisstattoo.fr\/index.php\/bien-se-preparer-le-jour-de-son-tattoo\/\"]}]},{\"@type\":\"ImageObject\",\"inLanguage\":\"fr-FR\",\"@id\":\"http:\/\/www.acekisstattoo.fr\/index.php\/bien-se-preparer-le-jour-de-son-tattoo\/#primaryimage\",\"url\":\"http:\/\/acekisstattoo.fr\/wp-content\/uploads\/2022\/10\/images.jpg\",\"contentUrl\":\"http:\/\/acekisstattoo.fr\/wp-content\/uploads\/2022\/10\/images.jpg\"},{\"@type\":\"BreadcrumbList\",\"@id\":\"http:\/\/www.acekisstattoo.fr\/index.php\/bien-se-preparer-le-jour-de-son-tattoo\/#breadcrumb\",\"itemListElement\":[{\"@type\":\"ListItem\",\"position\":1,\"name\":\"Accueil\",\"item\":\"http:\/\/www.acekisstattoo.fr\/\"},{\"@type\":\"ListItem\",\"position\":2,\"name\":\"Bien se pr\u00e9parer pour le jour de son tattoo\"}]},{\"@type\":\"WebSite\",\"@id\":\"http:\/\/www.acekisstattoo.fr\/#website\",\"url\":\"http:\/\/www.acekisstattoo.fr\/\",\"name\":\"Acekiss Tattoo\",\"description\":\"Votre salon tattoo sur Marseille\",\"publisher\":{\"@id\":\"http:\/\/www.acekisstattoo.fr\/#organization\"},\"potentialAction\":[{\"@type\":\"SearchAction\",\"target\":{\"@type\":\"EntryPoint\",\"urlTemplate\":\"http:\/\/www.acekisstattoo.fr\/?s={search_term_string}\"},\"query-input\":{\"@type\":\"PropertyValueSpecification\",\"valueRequired\":true,\"valueName\":\"search_term_string\"}}],\"inLanguage\":\"fr-FR\"},{\"@type\":\"Organization\",\"@id\":\"http:\/\/www.acekisstattoo.fr\/#organization\",\"name\":\"Acekiss Tattoo\",\"url\":\"http:\/\/www.acekisstattoo.fr\/\",\"logo\":{\"@type\":\"ImageObject\",\"inLanguage\":\"fr-FR\",\"@id\":\"http:\/\/www.acekisstattoo.fr\/#\/schema\/logo\/image\/\",\"url\":\"https:\/\/acekisstattoo.fr\/wp-content\/uploads\/2022\/10\/site-acekisstattoo.jpg\",\"contentUrl\":\"https:\/\/acekisstattoo.fr\/wp-content\/uploads\/2022\/10\/site-acekisstattoo.jpg\",\"width\":1899,\"height\":890,\"caption\":\"Acekiss Tattoo\"},\"image\":{\"@id\":\"http:\/\/www.acekisstattoo.fr\/#\/schema\/logo\/image\/\"},\"sameAs\":[\"https:\/\/www.facebook.com\/acekiss.tatoo\",\"https:\/\/www.instagram.com\/acekiss_tattoo\/\",\"https:\/\/www.snapchat.com\/add\/acekisstattoo\"]}]}<\/script>\n<!-- \/ Yoast SEO plugin. -->","yoast_head_json":{"title":"Bien se pr\u00e9parer pour le jour de son tattoo - Acekiss Tattoo","description":"Quelques conseils de base sur la pr\u00e9paration et l'hygi\u00e8ne pour mieux vivre l'avant et l'apr\u00e8s s\u00e9ance de tatouage.","robots":{"index":"index","follow":"follow","max-snippet":"max-snippet:-1","max-image-preview":"max-image-preview:large","max-video-preview":"max-video-preview:-1"},"canonical":"http:\/\/www.acekisstattoo.fr\/index.php\/bien-se-preparer-le-jour-de-son-tattoo\/","og_locale":"fr_FR","og_type":"article","og_title":"Bien se pr\u00e9parer pour le jour de son tattoo - Acekiss Tattoo","og_description":"Quelques conseils de base sur la pr\u00e9paration et l'hygi\u00e8ne pour mieux vivre l'avant et l'apr\u00e8s s\u00e9ance de tatouage.","og_url":"http:\/\/www.acekisstattoo.fr\/index.php\/bien-se-preparer-le-jour-de-son-tattoo\/","og_site_name":"Acekiss Tattoo","article_publisher":"https:\/\/www.facebook.com\/acekiss.tatoo","article_modified_time":"2023-04-14T14:59:28+00:00","og_image":[{"url":"http:\/\/acekisstattoo.fr\/wp-content\/uploads\/2022\/10\/images.jpg","type":"","width":"","height":""}],"twitter_card":"summary_large_image","twitter_misc":{"Dur\u00e9e de lecture estim\u00e9e":"3 minutes"},"schema":{"@context":"https:\/\/schema.org","@graph":[{"@type":"WebPage","@id":"http:\/\/www.acekisstattoo.fr\/index.php\/bien-se-preparer-le-jour-de-son-tattoo\/","url":"http:\/\/www.acekisstattoo.fr\/index.php\/bien-se-preparer-le-jour-de-son-tattoo\/","name":"Bien se pr\u00e9parer pour le jour de son tattoo - Acekiss Tattoo","isPartOf":{"@id":"http:\/\/www.acekisstattoo.fr\/#website"},"primaryImageOfPage":{"@id":"http:\/\/www.acekisstattoo.fr\/index.php\/bien-se-preparer-le-jour-de-son-tattoo\/#primaryimage"},"image":{"@id":"http:\/\/www.acekisstattoo.fr\/index.php\/bien-se-preparer-le-jour-de-son-tattoo\/#primaryimage"},"thumbnailUrl":"http:\/\/acekisstattoo.fr\/wp-content\/uploads\/2022\/10\/images.jpg","datePublished":"2022-10-26T23:54:07+00:00","dateModified":"2023-04-14T14:59:28+00:00","description":"Quelques conseils de base sur la pr\u00e9paration et l'hygi\u00e8ne pour mieux vivre l'avant et l'apr\u00e8s s\u00e9ance de tatouage.","breadcrumb":{"@id":"http:\/\/www.acekisstattoo.fr\/index.php\/bien-se-preparer-le-jour-de-son-tattoo\/#breadcrumb"},"inLanguage":"fr-FR","potentialAction":[{"@type":"ReadAction","target":["http:\/\/www.acekisstattoo.fr\/index.php\/bien-se-preparer-le-jour-de-son-tattoo\/"]}]},{"@type":"ImageObject","inLanguage":"fr-FR","@id":"http:\/\/www.acekisstattoo.fr\/index.php\/bien-se-preparer-le-jour-de-son-tattoo\/#primaryimage","url":"http:\/\/acekisstattoo.fr\/wp-content\/uploads\/2022\/10\/images.jpg","contentUrl":"http:\/\/acekisstattoo.fr\/wp-content\/uploads\/2022\/10\/images.jpg"},{"@type":"BreadcrumbList","@id":"http:\/\/www.acekisstattoo.fr\/index.php\/bien-se-preparer-le-jour-de-son-tattoo\/#breadcrumb","itemListElement":[{"@type":"ListItem","position":1,"name":"Accueil","item":"http:\/\/www.acekisstattoo.fr\/"},{"@type":"ListItem","position":2,"name":"Bien se pr\u00e9parer pour le jour de son tattoo"}]},{"@type":"WebSite","@id":"http:\/\/www.acekisstattoo.fr\/#website","url":"http:\/\/www.acekisstattoo.fr\/","name":"Acekiss Tattoo","description":"Votre salon tattoo sur Marseille","publisher":{"@id":"http:\/\/www.acekisstattoo.fr\/#organization"},"potentialAction":[{"@type":"SearchAction","target":{"@type":"EntryPoint","urlTemplate":"http:\/\/www.acekisstattoo.fr\/?s={search_term_string}"},"query-input":{"@type":"PropertyValueSpecification","valueRequired":true,"valueName":"search_term_string"}}],"inLanguage":"fr-FR"},{"@type":"Organization","@id":"http:\/\/www.acekisstattoo.fr\/#organization","name":"Acekiss Tattoo","url":"http:\/\/www.acekisstattoo.fr\/","logo":{"@type":"ImageObject","inLanguage":"fr-FR","@id":"http:\/\/www.acekisstattoo.fr\/#\/schema\/logo\/image\/","url":"https:\/\/acekisstattoo.fr\/wp-content\/uploads\/2022\/10\/site-acekisstattoo.jpg","contentUrl":"https:\/\/acekisstattoo.fr\/wp-content\/uploads\/2022\/10\/site-acekisstattoo.jpg","width":1899,"height":890,"caption":"Acekiss Tattoo"},"image":{"@id":"http:\/\/www.acekisstattoo.fr\/#\/schema\/logo\/image\/"},"sameAs":["https:\/\/www.facebook.com\/acekiss.tatoo","https:\/\/www.instagram.com\/acekiss_tattoo\/","https:\/\/www.snapchat.com\/add\/acekisstattoo"]}]}},"_links":{"self":[{"href":"https:\/\/www.acekisstattoo.fr\/index.php\/wp-json\/wp\/v2\/pages\/98","targetHints":{"allow":["GET"]}}],"collection":[{"href":"https:\/\/www.acekisstattoo.fr\/index.php\/wp-json\/wp\/v2\/pages"}],"about":[{"href":"https:\/\/www.acekisstattoo.fr\/index.php\/wp-json\/wp\/v2\/types\/page"}],"author":[{"embeddable":true,"href":"https:\/\/www.acekisstattoo.fr\/index.php\/wp-json\/wp\/v2\/users\/1"}],"replies":[{"embeddable":true,"href":"https:\/\/www.acekisstattoo.fr\/index.php\/wp-json\/wp\/v2\/comments?post=98"}],"version-history":[{"count":13,"href":"https:\/\/www.acekisstattoo.fr\/index.php\/wp-json\/wp\/v2\/pages\/98\/revisions"}],"predecessor-version":[{"id":388,"href":"https:\/\/www.acekisstattoo.fr\/index.php\/wp-json\/wp\/v2\/pages\/98\/revisions\/388"}],"wp:attachment":[{"href":"https:\/\/www.acekisstattoo.fr\/index.php\/wp-json\/wp\/v2\/media?parent=98"}],"curies":[{"name":"wp","href":"https:\/\/api.w.org\/{rel}","templated":true}]}}