{"id":56,"date":"2022-10-26T19:44:33","date_gmt":"2022-10-26T17:44:33","guid":{"rendered":"http:\/\/acekisstattoo.fr\/?page_id=56"},"modified":"2023-04-18T11:13:06","modified_gmt":"2023-04-18T09:13:06","slug":"salon-de-tatouage-a-marseille","status":"publish","type":"page","link":"https:\/\/www.acekisstattoo.fr\/","title":{"rendered":"Cr\u00e9ations de tatouages uniques et personnalis\u00e9s"},"content":{"rendered":"\n<p>Bienvenue chez AceKiss Tattoo, votre salon de tatouage \u00e0 Marseille, quartier Saint Menet &#8211; La Valentine, sp\u00e9cialis\u00e9 dans <a href=\"https:\/\/www.acekisstattoo.fr\/index.php\/mes-realisations\/\">des cr\u00e9ations artistiques uniques et personnalis\u00e9es<\/a>. <\/p>\n\n\n\n<p>Laurent, artistes talentueux est passionn\u00e9e par la cr\u00e9ation de tatouages raconte votre histoire et r\u00e9v\u00e8le votre personnalit\u00e9.<\/p>\n\n\n\n<div style=\"height:12px\" aria-hidden=\"true\" class=\"wp-block-spacer\"><\/div>\n\n\n\n<h2 class=\"wp-block-heading\">Tatoueur \u00e0 Marseille, Laurent propose une exp\u00e9rience de tatouage enti\u00e8rement personnalis\u00e9e<\/h2>\n\n\n\n<p>Laurent prend le temps de conna\u00eetre chaque client et de comprendre leurs histoires, inspirations et objectifs avant de concevoir un tatouage unique et sur mesure pour eux.<\/p>\n\n\n\n<p>AceKiss Tattoo propose une vari\u00e9t\u00e9 de styles de tatouage, du traditionnel au r\u00e9alisme, en passant par le japonais et le n\u00e9o-traditionnel. Quelle que soit votre id\u00e9e de tattoo, Laurent travaillera avec vous pour cr\u00e9er un design sur mesure qui correspond parfaitement \u00e0 vos attentes.<\/p>\n\n\n\n<div style=\"height:14px\" aria-hidden=\"true\" class=\"wp-block-spacer\"><\/div>\n\n\n<div class=\"wp-block-image\">\n<figure class=\"aligncenter size-full\"><img loading=\"lazy\" decoding=\"async\" width=\"1024\" height=\"498\" src=\"http:\/\/www.acekisstattoo.fr\/wp-content\/uploads\/2022\/11\/lolo-e1667322333260.jpeg\" alt=\"Laurent vous accueille dans son Salon de tatouage priv\u00e9 \u00e0 Marseille 13011\" class=\"wp-image-283\" srcset=\"https:\/\/www.acekisstattoo.fr\/wp-content\/uploads\/2022\/11\/lolo-e1667322333260.jpeg 1024w, https:\/\/www.acekisstattoo.fr\/wp-content\/uploads\/2022\/11\/lolo-e1667322333260-300x146.jpeg 300w, https:\/\/www.acekisstattoo.fr\/wp-content\/uploads\/2022\/11\/lolo-e1667322333260-421x205.jpeg 421w, https:\/\/www.acekisstattoo.fr\/wp-content\/uploads\/2022\/11\/lolo-e1667322333260-768x374.jpeg 768w\" sizes=\"auto, (max-width: 1024px) 100vw, 1024px\" \/><\/figure>\n<\/div>\n\n\n<div style=\"height:16px\" aria-hidden=\"true\" class=\"wp-block-spacer\"><\/div>\n\n\n\n<h2 class=\"wp-block-heading\">Salon de tatouage priv\u00e9 \u00e0 Marseille, Quartier Saint Menet &#8211; La Valentine<\/h2>\n\n\n\n<p>Prenez rendez-vous d\u00e8s aujourd&rsquo;hui pour une consultation gratuite et d\u00e9couvrez comment nous pouvons donner vie \u00e0 votre projet !<\/p>\n\n\n\n<div class=\"wp-block-buttons is-layout-flex wp-block-buttons-is-layout-flex\">\n<div class=\"wp-block-button\"><a class=\"wp-block-button__link wp-element-button\" href=\"https:\/\/acekisstattoo.fr\/index.php\/salon-acekiss-tattoo-uniquement-sur-rdv\/\" target=\"_blank\" rel=\"noreferrer noopener\">Prendre rendez-vous<\/a><\/div>\n<\/div>\n\n\n\n<div style=\"height:100px\" aria-hidden=\"true\" class=\"wp-block-spacer\"><\/div>\n\n\n\n<h2 class=\"wp-block-heading has-text-align-center\">Tatoueur \u00e0 Marseille \/ Salon tattoo \u00e0 Marseille<\/h2>\n","protected":false},"excerpt":{"rendered":"<p>Bienvenue chez AceKiss Tattoo, votre salon de tatouage \u00e0 Marseille, quartier Saint Menet &#8211; La Valentine, sp\u00e9cialis\u00e9 dans des cr\u00e9ations artistiques uniques et personnalis\u00e9es. Laurent, &hellip;<\/p>\n","protected":false},"author":1,"featured_media":125,"parent":0,"menu_order":0,"comment_status":"closed","ping_status":"closed","template":"","meta":{"footnotes":""},"class_list":["post-56","page","type-page","status-publish","has-post-thumbnail","hentry"],"yoast_head":"<!-- This site is optimized with the Yoast SEO plugin v26.6 - https:\/\/yoast.com\/wordpress\/plugins\/seo\/ -->\n<title>Acekiss Tattoo<\/title>\n<meta name=\"description\" content=\"Le salon de tatouage \u00e0 Marseille qui cr\u00e9e des \u0153uvres d&#039;art uniques et personnalis\u00e9es pour refl\u00e9ter votre style et votre histoire.\" \/>\n<meta name=\"robots\" content=\"index, follow, max-snippet:-1, max-image-preview:large, max-video-preview:-1\" \/>\n<link rel=\"canonical\" href=\"http:\/\/www.acekisstattoo.fr\/\" \/>\n<meta property=\"og:locale\" content=\"fr_FR\" \/>\n<meta property=\"og:type\" content=\"article\" \/>\n<meta property=\"og:title\" content=\"Salon Acekiss Tattoo\" \/>\n<meta property=\"og:description\" content=\"Tatoueur install\u00e9 \u00e0 Marseille pr\u00e8s de la valentine, je vous re\u00e7ois uniquement sur rendez-vous dans mon salon tattoo priv\u00e9.\" \/>\n<meta property=\"og:url\" content=\"http:\/\/www.acekisstattoo.fr\/\" \/>\n<meta property=\"og:site_name\" content=\"Acekiss Tattoo\" \/>\n<meta property=\"article:publisher\" content=\"https:\/\/www.facebook.com\/acekiss.tatoo\" \/>\n<meta property=\"article:modified_time\" content=\"2023-04-18T09:13:06+00:00\" \/>\n<meta property=\"og:image\" content=\"http:\/\/www.acekisstattoo.fr\/wp-content\/uploads\/2022\/10\/site-acekisstattoo.jpg\" \/>\n\t<meta property=\"og:image:width\" content=\"1899\" \/>\n\t<meta property=\"og:image:height\" content=\"890\" \/>\n\t<meta property=\"og:image:type\" content=\"image\/jpeg\" \/>\n<meta name=\"twitter:card\" content=\"summary_large_image\" \/>\n<meta name=\"twitter:title\" content=\"Salon Acekiss Tattoo\" \/>\n<meta name=\"twitter:description\" content=\"Tatoueur install\u00e9 \u00e0 Marseille pr\u00e8s de la valentine, je vous re\u00e7ois uniquement sur rendez-vous dans mon salon tattoo priv\u00e9.\" \/>\n<meta name=\"twitter:image\" content=\"https:\/\/www.acekisstattoo.fr\/wp-content\/uploads\/2022\/10\/site-acekisstattoo.jpg\" \/>\n<meta name=\"twitter:label1\" content=\"Dur\u00e9e de lecture estim\u00e9e\" \/>\n\t<meta name=\"twitter:data1\" content=\"2 minutes\" \/>\n<script type=\"application\/ld+json\" class=\"yoast-schema-graph\">{\"@context\":\"https:\/\/schema.org\",\"@graph\":[{\"@type\":\"WebPage\",\"@id\":\"http:\/\/www.acekisstattoo.fr\/\",\"url\":\"http:\/\/www.acekisstattoo.fr\/\",\"name\":\"Acekiss Tattoo\",\"isPartOf\":{\"@id\":\"http:\/\/www.acekisstattoo.fr\/#website\"},\"primaryImageOfPage\":{\"@id\":\"http:\/\/www.acekisstattoo.fr\/#primaryimage\"},\"image\":{\"@id\":\"http:\/\/www.acekisstattoo.fr\/#primaryimage\"},\"thumbnailUrl\":\"https:\/\/www.acekisstattoo.fr\/wp-content\/uploads\/2022\/10\/site-acekisstattoo.jpg\",\"datePublished\":\"2022-10-26T17:44:33+00:00\",\"dateModified\":\"2023-04-18T09:13:06+00:00\",\"description\":\"Le salon de tatouage \u00e0 Marseille qui cr\u00e9e des \u0153uvres d'art uniques et personnalis\u00e9es pour refl\u00e9ter votre style et votre histoire.\",\"breadcrumb\":{\"@id\":\"http:\/\/www.acekisstattoo.fr\/#breadcrumb\"},\"inLanguage\":\"fr-FR\",\"potentialAction\":[{\"@type\":\"ReadAction\",\"target\":[\"http:\/\/www.acekisstattoo.fr\/\"]}]},{\"@type\":\"ImageObject\",\"inLanguage\":\"fr-FR\",\"@id\":\"http:\/\/www.acekisstattoo.fr\/#primaryimage\",\"url\":\"https:\/\/www.acekisstattoo.fr\/wp-content\/uploads\/2022\/10\/site-acekisstattoo.jpg\",\"contentUrl\":\"https:\/\/www.acekisstattoo.fr\/wp-content\/uploads\/2022\/10\/site-acekisstattoo.jpg\",\"width\":1899,\"height\":890,\"caption\":\"Acekiss Tattoo, salon tattoo sur Marseille\"},{\"@type\":\"BreadcrumbList\",\"@id\":\"http:\/\/www.acekisstattoo.fr\/#breadcrumb\",\"itemListElement\":[{\"@type\":\"ListItem\",\"position\":1,\"name\":\"Accueil\",\"item\":\"http:\/\/www.acekisstattoo.fr\/\"},{\"@type\":\"ListItem\",\"position\":2,\"name\":\"Cr\u00e9ations de tatouages uniques et personnalis\u00e9s\"}]},{\"@type\":\"WebSite\",\"@id\":\"http:\/\/www.acekisstattoo.fr\/#website\",\"url\":\"http:\/\/www.acekisstattoo.fr\/\",\"name\":\"Acekiss Tattoo\",\"description\":\"Votre salon tattoo sur Marseille\",\"publisher\":{\"@id\":\"http:\/\/www.acekisstattoo.fr\/#organization\"},\"potentialAction\":[{\"@type\":\"SearchAction\",\"target\":{\"@type\":\"EntryPoint\",\"urlTemplate\":\"http:\/\/www.acekisstattoo.fr\/?s={search_term_string}\"},\"query-input\":{\"@type\":\"PropertyValueSpecification\",\"valueRequired\":true,\"valueName\":\"search_term_string\"}}],\"inLanguage\":\"fr-FR\"},{\"@type\":\"Organization\",\"@id\":\"http:\/\/www.acekisstattoo.fr\/#organization\",\"name\":\"Acekiss Tattoo\",\"url\":\"http:\/\/www.acekisstattoo.fr\/\",\"logo\":{\"@type\":\"ImageObject\",\"inLanguage\":\"fr-FR\",\"@id\":\"http:\/\/www.acekisstattoo.fr\/#\/schema\/logo\/image\/\",\"url\":\"https:\/\/acekisstattoo.fr\/wp-content\/uploads\/2022\/10\/site-acekisstattoo.jpg\",\"contentUrl\":\"https:\/\/acekisstattoo.fr\/wp-content\/uploads\/2022\/10\/site-acekisstattoo.jpg\",\"width\":1899,\"height\":890,\"caption\":\"Acekiss Tattoo\"},\"image\":{\"@id\":\"http:\/\/www.acekisstattoo.fr\/#\/schema\/logo\/image\/\"},\"sameAs\":[\"https:\/\/www.facebook.com\/acekiss.tatoo\",\"https:\/\/www.instagram.com\/acekiss_tattoo\/\",\"https:\/\/www.snapchat.com\/add\/acekisstattoo\"]}]}<\/script>\n<!-- \/ Yoast SEO plugin. -->","yoast_head_json":{"title":"Acekiss Tattoo","description":"Le salon de tatouage \u00e0 Marseille qui cr\u00e9e des \u0153uvres d'art uniques et personnalis\u00e9es pour refl\u00e9ter votre style et votre histoire.","robots":{"index":"index","follow":"follow","max-snippet":"max-snippet:-1","max-image-preview":"max-image-preview:large","max-video-preview":"max-video-preview:-1"},"canonical":"http:\/\/www.acekisstattoo.fr\/","og_locale":"fr_FR","og_type":"article","og_title":"Salon Acekiss Tattoo","og_description":"Tatoueur install\u00e9 \u00e0 Marseille pr\u00e8s de la valentine, je vous re\u00e7ois uniquement sur rendez-vous dans mon salon tattoo priv\u00e9.","og_url":"http:\/\/www.acekisstattoo.fr\/","og_site_name":"Acekiss Tattoo","article_publisher":"https:\/\/www.facebook.com\/acekiss.tatoo","article_modified_time":"2023-04-18T09:13:06+00:00","og_image":[{"width":1899,"height":890,"url":"http:\/\/www.acekisstattoo.fr\/wp-content\/uploads\/2022\/10\/site-acekisstattoo.jpg","type":"image\/jpeg"}],"twitter_card":"summary_large_image","twitter_title":"Salon Acekiss Tattoo","twitter_description":"Tatoueur install\u00e9 \u00e0 Marseille pr\u00e8s de la valentine, je vous re\u00e7ois uniquement sur rendez-vous dans mon salon tattoo priv\u00e9.","twitter_image":"https:\/\/www.acekisstattoo.fr\/wp-content\/uploads\/2022\/10\/site-acekisstattoo.jpg","twitter_misc":{"Dur\u00e9e de lecture estim\u00e9e":"2 minutes"},"schema":{"@context":"https:\/\/schema.org","@graph":[{"@type":"WebPage","@id":"http:\/\/www.acekisstattoo.fr\/","url":"http:\/\/www.acekisstattoo.fr\/","name":"Acekiss Tattoo","isPartOf":{"@id":"http:\/\/www.acekisstattoo.fr\/#website"},"primaryImageOfPage":{"@id":"http:\/\/www.acekisstattoo.fr\/#primaryimage"},"image":{"@id":"http:\/\/www.acekisstattoo.fr\/#primaryimage"},"thumbnailUrl":"https:\/\/www.acekisstattoo.fr\/wp-content\/uploads\/2022\/10\/site-acekisstattoo.jpg","datePublished":"2022-10-26T17:44:33+00:00","dateModified":"2023-04-18T09:13:06+00:00","description":"Le salon de tatouage \u00e0 Marseille qui cr\u00e9e des \u0153uvres d'art uniques et personnalis\u00e9es pour refl\u00e9ter votre style et votre histoire.","breadcrumb":{"@id":"http:\/\/www.acekisstattoo.fr\/#breadcrumb"},"inLanguage":"fr-FR","potentialAction":[{"@type":"ReadAction","target":["http:\/\/www.acekisstattoo.fr\/"]}]},{"@type":"ImageObject","inLanguage":"fr-FR","@id":"http:\/\/www.acekisstattoo.fr\/#primaryimage","url":"https:\/\/www.acekisstattoo.fr\/wp-content\/uploads\/2022\/10\/site-acekisstattoo.jpg","contentUrl":"https:\/\/www.acekisstattoo.fr\/wp-content\/uploads\/2022\/10\/site-acekisstattoo.jpg","width":1899,"height":890,"caption":"Acekiss Tattoo, salon tattoo sur Marseille"},{"@type":"BreadcrumbList","@id":"http:\/\/www.acekisstattoo.fr\/#breadcrumb","itemListElement":[{"@type":"ListItem","position":1,"name":"Accueil","item":"http:\/\/www.acekisstattoo.fr\/"},{"@type":"ListItem","position":2,"name":"Cr\u00e9ations de tatouages uniques et personnalis\u00e9s"}]},{"@type":"WebSite","@id":"http:\/\/www.acekisstattoo.fr\/#website","url":"http:\/\/www.acekisstattoo.fr\/","name":"Acekiss Tattoo","description":"Votre salon tattoo sur Marseille","publisher":{"@id":"http:\/\/www.acekisstattoo.fr\/#organization"},"potentialAction":[{"@type":"SearchAction","target":{"@type":"EntryPoint","urlTemplate":"http:\/\/www.acekisstattoo.fr\/?s={search_term_string}"},"query-input":{"@type":"PropertyValueSpecification","valueRequired":true,"valueName":"search_term_string"}}],"inLanguage":"fr-FR"},{"@type":"Organization","@id":"http:\/\/www.acekisstattoo.fr\/#organization","name":"Acekiss Tattoo","url":"http:\/\/www.acekisstattoo.fr\/","logo":{"@type":"ImageObject","inLanguage":"fr-FR","@id":"http:\/\/www.acekisstattoo.fr\/#\/schema\/logo\/image\/","url":"https:\/\/acekisstattoo.fr\/wp-content\/uploads\/2022\/10\/site-acekisstattoo.jpg","contentUrl":"https:\/\/acekisstattoo.fr\/wp-content\/uploads\/2022\/10\/site-acekisstattoo.jpg","width":1899,"height":890,"caption":"Acekiss Tattoo"},"image":{"@id":"http:\/\/www.acekisstattoo.fr\/#\/schema\/logo\/image\/"},"sameAs":["https:\/\/www.facebook.com\/acekiss.tatoo","https:\/\/www.instagram.com\/acekiss_tattoo\/","https:\/\/www.snapchat.com\/add\/acekisstattoo"]}]}},"_links":{"self":[{"href":"https:\/\/www.acekisstattoo.fr\/index.php\/wp-json\/wp\/v2\/pages\/56","targetHints":{"allow":["GET"]}}],"collection":[{"href":"https:\/\/www.acekisstattoo.fr\/index.php\/wp-json\/wp\/v2\/pages"}],"about":[{"href":"https:\/\/www.acekisstattoo.fr\/index.php\/wp-json\/wp\/v2\/types\/page"}],"author":[{"embeddable":true,"href":"https:\/\/www.acekisstattoo.fr\/index.php\/wp-json\/wp\/v2\/users\/1"}],"replies":[{"embeddable":true,"href":"https:\/\/www.acekisstattoo.fr\/index.php\/wp-json\/wp\/v2\/comments?post=56"}],"version-history":[{"count":27,"href":"https:\/\/www.acekisstattoo.fr\/index.php\/wp-json\/wp\/v2\/pages\/56\/revisions"}],"predecessor-version":[{"id":458,"href":"https:\/\/www.acekisstattoo.fr\/index.php\/wp-json\/wp\/v2\/pages\/56\/revisions\/458"}],"wp:featuredmedia":[{"embeddable":true,"href":"https:\/\/www.acekisstattoo.fr\/index.php\/wp-json\/wp\/v2\/media\/125"}],"wp:attachment":[{"href":"https:\/\/www.acekisstattoo.fr\/index.php\/wp-json\/wp\/v2\/media?parent=56"}],"curies":[{"name":"wp","href":"https:\/\/api.w.org\/{rel}","templated":true}]}}