{"id":445,"date":"2023-04-18T00:05:05","date_gmt":"2023-04-17T22:05:05","guid":{"rendered":"https:\/\/www.acekisstattoo.fr\/?page_id=445"},"modified":"2023-04-18T11:21:51","modified_gmt":"2023-04-18T09:21:51","slug":"creation-de-tatouages-uniques-a-marseille","status":"publish","type":"page","link":"https:\/\/www.acekisstattoo.fr\/index.php\/creation-de-tatouages-uniques-a-marseille\/","title":{"rendered":"Cr\u00e9ations de tatouages uniques \u00e0 Marseille"},"content":{"rendered":"\n<p>Bienvenue chez AceKiss Tattoo, votre salon de tatouage priv\u00e9 situ\u00e9 \u00e0 <a href=\"https:\/\/fr.wikipedia.org\/wiki\/Marseille\" target=\"_blank\" rel=\"noreferrer noopener\">Marseille<\/a>, quartier Saint Menet &#8211; La Valentine, sp\u00e9cialis\u00e9 dans la cr\u00e9ation de tatouages uniques et personnalis\u00e9es pour exprimer votre identit\u00e9.<\/p>\n\n\n\n<h2 class=\"wp-block-heading\">Passionn\u00e9 par la conception de tatouages<\/h2>\n\n\n\n<p>Laurent racontent votre histoire et refl\u00e8tent votre personnalit\u00e9. En tant que tatoueur professionnel \u00e0 Marseille, Laurent vous offre une exp\u00e9rience de tatouage enti\u00e8rement personnalis\u00e9e, adapt\u00e9e \u00e0 vos go\u00fbts et \u00e0 vos envies.<\/p>\n\n\n\n<div style=\"height:14px\" aria-hidden=\"true\" class=\"wp-block-spacer\"><\/div>\n\n\n<div class=\"wp-block-image\">\n<figure class=\"aligncenter size-large is-resized\"><img loading=\"lazy\" decoding=\"async\" src=\"http:\/\/www.acekisstattoo.fr\/wp-content\/uploads\/2022\/10\/IMG_7421-scaled-e1666911515850-768x1024.jpg\" alt=\"Cr\u00e9ation de tatouages uniques \u00e0 Marseille : Laurent, tatoueur professionnel vous accueille dans son salon \u00e0 Marseille 13011\" class=\"wp-image-51\" width=\"576\" height=\"768\" srcset=\"https:\/\/www.acekisstattoo.fr\/wp-content\/uploads\/2022\/10\/IMG_7421-scaled-e1666911515850-768x1024.jpg 768w, https:\/\/www.acekisstattoo.fr\/wp-content\/uploads\/2022\/10\/IMG_7421-scaled-e1666911515850-225x300.jpg 225w, https:\/\/www.acekisstattoo.fr\/wp-content\/uploads\/2022\/10\/IMG_7421-scaled-e1666911515850-1152x1536.jpg 1152w, https:\/\/www.acekisstattoo.fr\/wp-content\/uploads\/2022\/10\/IMG_7421-scaled-e1666911515850-1536x2048.jpg 1536w, https:\/\/www.acekisstattoo.fr\/wp-content\/uploads\/2022\/10\/IMG_7421-scaled-e1666911515850.jpg 1920w\" sizes=\"auto, (max-width: 576px) 100vw, 576px\" \/><\/figure>\n<\/div>\n\n\n<div style=\"height:14px\" aria-hidden=\"true\" class=\"wp-block-spacer\"><\/div>\n\n\n\n<h2 class=\"wp-block-heading\">Cr\u00e9ation de tatouages uniques et sur mesure<\/h2>\n\n\n\n<p>Chez AceKiss Tattoo, nous accordons une grande importance \u00e0 l&rsquo;\u00e9coute de nos clients. C&rsquo;est pourquoi Laurent prend le temps de conna\u00eetre chaque client individuellement, d&rsquo;explorer leurs histoires, leurs inspirations et leurs objectifs avant de concevoir un tatouage unique et sur mesure pour eux.<\/p>\n\n\n\n<p>Le studio de tatouage \u00e0 Marseille propose une grande vari\u00e9t\u00e9 de styles, allant du tatouage traditionnel au r\u00e9alisme, en passant par le japonais, le n\u00e9o-traditionnel et bien d&rsquo;autres. Quelle que soit votre id\u00e9e de tattoo, <a href=\"https:\/\/www.acekisstattoo.fr\/index.php\/page-d-accueil\/\" target=\"_blank\" rel=\"noreferrer noopener\">Laurent <\/a>travaillera \u00e9troitement avec vous pour cr\u00e9er un Tattoo sur mesure qui correspond parfaitement \u00e0 vos attentes tout en respectant les normes d&rsquo;hygi\u00e8ne les plus strictes.<\/p>\n\n\n\n<h2 class=\"wp-block-heading\">Plus qu&rsquo;un simple salon Tattoo<\/h2>\n\n\n\n<p>C&rsquo;est un espace d\u00e9di\u00e9 \u00e0 l&rsquo;expression artistique et personnelle. Sa mission est de vous offrir une exp\u00e9rience inoubliable et de r\u00e9aliser des tatouages uniques qui vous accompagneront toute votre vie, t\u00e9moignant de votre originalit\u00e9.<\/p>\n\n\n\n<p>N&rsquo;h\u00e9sitez pas \u00e0 contacter Laurent pour prendre rendez-vous d\u00e8s aujourd&rsquo;hui pour une consultation gratuite. Lors de cette consultation, vous discuterez de vos id\u00e9es, de vos attentes et des diff\u00e9rentes possibilit\u00e9s qui s&rsquo;offrent \u00e0 vous. Ensemble, Laurent donnera vie \u00e0 votre vision et cr\u00e9era un tatouage qui vous ressemble, faisant de vous le meilleur ambassadeur de votre propre histoire.<\/p>\n\n\n\n<p>Venez chez AceKiss Tattoo et d\u00e9couvrez un univers de cr\u00e9ativit\u00e9 et de passion, o\u00f9 chaque tatouage est une \u0153uvre d&rsquo;art unique et personnalis\u00e9e, con\u00e7ue pour vous et avec vous.<\/p>\n\n\n\n<div style=\"height:100px\" aria-hidden=\"true\" class=\"wp-block-spacer\"><\/div>\n\n\n\n<h3 class=\"wp-block-heading has-text-align-center\">Cr\u00e9ation de tatouages uniques \u00e0 Marseille \/ Allauch \/ Plan de Cuques \/ Aubagne \/ La Penne sur Huveaune<\/h3>\n","protected":false},"excerpt":{"rendered":"<p>Bienvenue chez AceKiss Tattoo, votre salon de tatouage priv\u00e9 situ\u00e9 \u00e0 Marseille, quartier Saint Menet &#8211; La Valentine, sp\u00e9cialis\u00e9 dans la cr\u00e9ation de tatouages uniques &hellip;<\/p>\n","protected":false},"author":1,"featured_media":0,"parent":0,"menu_order":0,"comment_status":"closed","ping_status":"closed","template":"","meta":{"footnotes":""},"class_list":["post-445","page","type-page","status-publish","hentry"],"yoast_head":"<!-- This site is optimized with the Yoast SEO plugin v26.6 - https:\/\/yoast.com\/wordpress\/plugins\/seo\/ -->\n<title>Cr\u00e9ations de tatouages uniques \u00e0 Marseille<\/title>\n<meta name=\"description\" content=\"Tatoueur professionnel \u00e0 Marseille, Laurent vous offre une exp\u00e9rience de tatouage adapt\u00e9e \u00e0 vos go\u00fbts et \u00e0 vos envies.\" \/>\n<meta name=\"robots\" content=\"index, follow, max-snippet:-1, max-image-preview:large, max-video-preview:-1\" \/>\n<link rel=\"canonical\" href=\"http:\/\/www.acekisstattoo.fr\/index.php\/creation-de-tatouages-uniques-a-marseille\/\" \/>\n<meta property=\"og:locale\" content=\"fr_FR\" \/>\n<meta property=\"og:type\" content=\"article\" \/>\n<meta property=\"og:title\" content=\"Cr\u00e9ations de tatouages uniques \u00e0 Marseille\" \/>\n<meta property=\"og:description\" content=\"Tatoueur professionnel \u00e0 Marseille, Laurent vous offre une exp\u00e9rience de tatouage adapt\u00e9e \u00e0 vos go\u00fbts et \u00e0 vos envies.\" \/>\n<meta property=\"og:url\" content=\"http:\/\/www.acekisstattoo.fr\/index.php\/creation-de-tatouages-uniques-a-marseille\/\" \/>\n<meta property=\"og:site_name\" content=\"Acekiss Tattoo\" \/>\n<meta property=\"article:publisher\" content=\"https:\/\/www.facebook.com\/acekiss.tatoo\" \/>\n<meta property=\"article:modified_time\" content=\"2023-04-18T09:21:51+00:00\" \/>\n<meta property=\"og:image\" content=\"http:\/\/www.acekisstattoo.fr\/wp-content\/uploads\/2022\/10\/IMG_7421-scaled-e1666911515850-768x1024.jpg\" \/>\n<meta name=\"twitter:card\" content=\"summary_large_image\" \/>\n<meta name=\"twitter:label1\" content=\"Dur\u00e9e de lecture estim\u00e9e\" \/>\n\t<meta name=\"twitter:data1\" content=\"2 minutes\" \/>\n<script type=\"application\/ld+json\" class=\"yoast-schema-graph\">{\"@context\":\"https:\/\/schema.org\",\"@graph\":[{\"@type\":\"WebPage\",\"@id\":\"http:\/\/www.acekisstattoo.fr\/index.php\/creation-de-tatouages-uniques-a-marseille\/\",\"url\":\"http:\/\/www.acekisstattoo.fr\/index.php\/creation-de-tatouages-uniques-a-marseille\/\",\"name\":\"Cr\u00e9ations de tatouages uniques \u00e0 Marseille\",\"isPartOf\":{\"@id\":\"http:\/\/www.acekisstattoo.fr\/#website\"},\"primaryImageOfPage\":{\"@id\":\"http:\/\/www.acekisstattoo.fr\/index.php\/creation-de-tatouages-uniques-a-marseille\/#primaryimage\"},\"image\":{\"@id\":\"http:\/\/www.acekisstattoo.fr\/index.php\/creation-de-tatouages-uniques-a-marseille\/#primaryimage\"},\"thumbnailUrl\":\"http:\/\/www.acekisstattoo.fr\/wp-content\/uploads\/2022\/10\/IMG_7421-scaled-e1666911515850-768x1024.jpg\",\"datePublished\":\"2023-04-17T22:05:05+00:00\",\"dateModified\":\"2023-04-18T09:21:51+00:00\",\"description\":\"Tatoueur professionnel \u00e0 Marseille, Laurent vous offre une exp\u00e9rience de tatouage adapt\u00e9e \u00e0 vos go\u00fbts et \u00e0 vos envies.\",\"breadcrumb\":{\"@id\":\"http:\/\/www.acekisstattoo.fr\/index.php\/creation-de-tatouages-uniques-a-marseille\/#breadcrumb\"},\"inLanguage\":\"fr-FR\",\"potentialAction\":[{\"@type\":\"ReadAction\",\"target\":[\"http:\/\/www.acekisstattoo.fr\/index.php\/creation-de-tatouages-uniques-a-marseille\/\"]}]},{\"@type\":\"ImageObject\",\"inLanguage\":\"fr-FR\",\"@id\":\"http:\/\/www.acekisstattoo.fr\/index.php\/creation-de-tatouages-uniques-a-marseille\/#primaryimage\",\"url\":\"http:\/\/www.acekisstattoo.fr\/wp-content\/uploads\/2022\/10\/IMG_7421-scaled-e1666911515850-768x1024.jpg\",\"contentUrl\":\"http:\/\/www.acekisstattoo.fr\/wp-content\/uploads\/2022\/10\/IMG_7421-scaled-e1666911515850-768x1024.jpg\"},{\"@type\":\"BreadcrumbList\",\"@id\":\"http:\/\/www.acekisstattoo.fr\/index.php\/creation-de-tatouages-uniques-a-marseille\/#breadcrumb\",\"itemListElement\":[{\"@type\":\"ListItem\",\"position\":1,\"name\":\"Accueil\",\"item\":\"http:\/\/www.acekisstattoo.fr\/\"},{\"@type\":\"ListItem\",\"position\":2,\"name\":\"Cr\u00e9ations de tatouages uniques \u00e0 Marseille\"}]},{\"@type\":\"WebSite\",\"@id\":\"http:\/\/www.acekisstattoo.fr\/#website\",\"url\":\"http:\/\/www.acekisstattoo.fr\/\",\"name\":\"Acekiss Tattoo\",\"description\":\"Votre salon tattoo sur Marseille\",\"publisher\":{\"@id\":\"http:\/\/www.acekisstattoo.fr\/#organization\"},\"potentialAction\":[{\"@type\":\"SearchAction\",\"target\":{\"@type\":\"EntryPoint\",\"urlTemplate\":\"http:\/\/www.acekisstattoo.fr\/?s={search_term_string}\"},\"query-input\":{\"@type\":\"PropertyValueSpecification\",\"valueRequired\":true,\"valueName\":\"search_term_string\"}}],\"inLanguage\":\"fr-FR\"},{\"@type\":\"Organization\",\"@id\":\"http:\/\/www.acekisstattoo.fr\/#organization\",\"name\":\"Acekiss Tattoo\",\"url\":\"http:\/\/www.acekisstattoo.fr\/\",\"logo\":{\"@type\":\"ImageObject\",\"inLanguage\":\"fr-FR\",\"@id\":\"http:\/\/www.acekisstattoo.fr\/#\/schema\/logo\/image\/\",\"url\":\"https:\/\/acekisstattoo.fr\/wp-content\/uploads\/2022\/10\/site-acekisstattoo.jpg\",\"contentUrl\":\"https:\/\/acekisstattoo.fr\/wp-content\/uploads\/2022\/10\/site-acekisstattoo.jpg\",\"width\":1899,\"height\":890,\"caption\":\"Acekiss Tattoo\"},\"image\":{\"@id\":\"http:\/\/www.acekisstattoo.fr\/#\/schema\/logo\/image\/\"},\"sameAs\":[\"https:\/\/www.facebook.com\/acekiss.tatoo\",\"https:\/\/www.instagram.com\/acekiss_tattoo\/\",\"https:\/\/www.snapchat.com\/add\/acekisstattoo\"]}]}<\/script>\n<!-- \/ Yoast SEO plugin. -->","yoast_head_json":{"title":"Cr\u00e9ations de tatouages uniques \u00e0 Marseille","description":"Tatoueur professionnel \u00e0 Marseille, Laurent vous offre une exp\u00e9rience de tatouage adapt\u00e9e \u00e0 vos go\u00fbts et \u00e0 vos envies.","robots":{"index":"index","follow":"follow","max-snippet":"max-snippet:-1","max-image-preview":"max-image-preview:large","max-video-preview":"max-video-preview:-1"},"canonical":"http:\/\/www.acekisstattoo.fr\/index.php\/creation-de-tatouages-uniques-a-marseille\/","og_locale":"fr_FR","og_type":"article","og_title":"Cr\u00e9ations de tatouages uniques \u00e0 Marseille","og_description":"Tatoueur professionnel \u00e0 Marseille, Laurent vous offre une exp\u00e9rience de tatouage adapt\u00e9e \u00e0 vos go\u00fbts et \u00e0 vos envies.","og_url":"http:\/\/www.acekisstattoo.fr\/index.php\/creation-de-tatouages-uniques-a-marseille\/","og_site_name":"Acekiss Tattoo","article_publisher":"https:\/\/www.facebook.com\/acekiss.tatoo","article_modified_time":"2023-04-18T09:21:51+00:00","og_image":[{"url":"http:\/\/www.acekisstattoo.fr\/wp-content\/uploads\/2022\/10\/IMG_7421-scaled-e1666911515850-768x1024.jpg","type":"","width":"","height":""}],"twitter_card":"summary_large_image","twitter_misc":{"Dur\u00e9e de lecture estim\u00e9e":"2 minutes"},"schema":{"@context":"https:\/\/schema.org","@graph":[{"@type":"WebPage","@id":"http:\/\/www.acekisstattoo.fr\/index.php\/creation-de-tatouages-uniques-a-marseille\/","url":"http:\/\/www.acekisstattoo.fr\/index.php\/creation-de-tatouages-uniques-a-marseille\/","name":"Cr\u00e9ations de tatouages uniques \u00e0 Marseille","isPartOf":{"@id":"http:\/\/www.acekisstattoo.fr\/#website"},"primaryImageOfPage":{"@id":"http:\/\/www.acekisstattoo.fr\/index.php\/creation-de-tatouages-uniques-a-marseille\/#primaryimage"},"image":{"@id":"http:\/\/www.acekisstattoo.fr\/index.php\/creation-de-tatouages-uniques-a-marseille\/#primaryimage"},"thumbnailUrl":"http:\/\/www.acekisstattoo.fr\/wp-content\/uploads\/2022\/10\/IMG_7421-scaled-e1666911515850-768x1024.jpg","datePublished":"2023-04-17T22:05:05+00:00","dateModified":"2023-04-18T09:21:51+00:00","description":"Tatoueur professionnel \u00e0 Marseille, Laurent vous offre une exp\u00e9rience de tatouage adapt\u00e9e \u00e0 vos go\u00fbts et \u00e0 vos envies.","breadcrumb":{"@id":"http:\/\/www.acekisstattoo.fr\/index.php\/creation-de-tatouages-uniques-a-marseille\/#breadcrumb"},"inLanguage":"fr-FR","potentialAction":[{"@type":"ReadAction","target":["http:\/\/www.acekisstattoo.fr\/index.php\/creation-de-tatouages-uniques-a-marseille\/"]}]},{"@type":"ImageObject","inLanguage":"fr-FR","@id":"http:\/\/www.acekisstattoo.fr\/index.php\/creation-de-tatouages-uniques-a-marseille\/#primaryimage","url":"http:\/\/www.acekisstattoo.fr\/wp-content\/uploads\/2022\/10\/IMG_7421-scaled-e1666911515850-768x1024.jpg","contentUrl":"http:\/\/www.acekisstattoo.fr\/wp-content\/uploads\/2022\/10\/IMG_7421-scaled-e1666911515850-768x1024.jpg"},{"@type":"BreadcrumbList","@id":"http:\/\/www.acekisstattoo.fr\/index.php\/creation-de-tatouages-uniques-a-marseille\/#breadcrumb","itemListElement":[{"@type":"ListItem","position":1,"name":"Accueil","item":"http:\/\/www.acekisstattoo.fr\/"},{"@type":"ListItem","position":2,"name":"Cr\u00e9ations de tatouages uniques \u00e0 Marseille"}]},{"@type":"WebSite","@id":"http:\/\/www.acekisstattoo.fr\/#website","url":"http:\/\/www.acekisstattoo.fr\/","name":"Acekiss Tattoo","description":"Votre salon tattoo sur Marseille","publisher":{"@id":"http:\/\/www.acekisstattoo.fr\/#organization"},"potentialAction":[{"@type":"SearchAction","target":{"@type":"EntryPoint","urlTemplate":"http:\/\/www.acekisstattoo.fr\/?s={search_term_string}"},"query-input":{"@type":"PropertyValueSpecification","valueRequired":true,"valueName":"search_term_string"}}],"inLanguage":"fr-FR"},{"@type":"Organization","@id":"http:\/\/www.acekisstattoo.fr\/#organization","name":"Acekiss Tattoo","url":"http:\/\/www.acekisstattoo.fr\/","logo":{"@type":"ImageObject","inLanguage":"fr-FR","@id":"http:\/\/www.acekisstattoo.fr\/#\/schema\/logo\/image\/","url":"https:\/\/acekisstattoo.fr\/wp-content\/uploads\/2022\/10\/site-acekisstattoo.jpg","contentUrl":"https:\/\/acekisstattoo.fr\/wp-content\/uploads\/2022\/10\/site-acekisstattoo.jpg","width":1899,"height":890,"caption":"Acekiss Tattoo"},"image":{"@id":"http:\/\/www.acekisstattoo.fr\/#\/schema\/logo\/image\/"},"sameAs":["https:\/\/www.facebook.com\/acekiss.tatoo","https:\/\/www.instagram.com\/acekiss_tattoo\/","https:\/\/www.snapchat.com\/add\/acekisstattoo"]}]}},"_links":{"self":[{"href":"https:\/\/www.acekisstattoo.fr\/index.php\/wp-json\/wp\/v2\/pages\/445","targetHints":{"allow":["GET"]}}],"collection":[{"href":"https:\/\/www.acekisstattoo.fr\/index.php\/wp-json\/wp\/v2\/pages"}],"about":[{"href":"https:\/\/www.acekisstattoo.fr\/index.php\/wp-json\/wp\/v2\/types\/page"}],"author":[{"embeddable":true,"href":"https:\/\/www.acekisstattoo.fr\/index.php\/wp-json\/wp\/v2\/users\/1"}],"replies":[{"embeddable":true,"href":"https:\/\/www.acekisstattoo.fr\/index.php\/wp-json\/wp\/v2\/comments?post=445"}],"version-history":[{"count":4,"href":"https:\/\/www.acekisstattoo.fr\/index.php\/wp-json\/wp\/v2\/pages\/445\/revisions"}],"predecessor-version":[{"id":462,"href":"https:\/\/www.acekisstattoo.fr\/index.php\/wp-json\/wp\/v2\/pages\/445\/revisions\/462"}],"wp:attachment":[{"href":"https:\/\/www.acekisstattoo.fr\/index.php\/wp-json\/wp\/v2\/media?parent=445"}],"curies":[{"name":"wp","href":"https:\/\/api.w.org\/{rel}","templated":true}]}}