{"id":357,"date":"2023-04-14T16:04:59","date_gmt":"2023-04-14T14:04:59","guid":{"rendered":"https:\/\/acekisstattoo.fr\/?page_id=357"},"modified":"2023-04-14T16:51:09","modified_gmt":"2023-04-14T14:51:09","slug":"histoire-et-evolution-du-tatouage-a-travers-les-cultures","status":"publish","type":"page","link":"https:\/\/www.acekisstattoo.fr\/index.php\/histoire-et-evolution-du-tatouage-a-travers-les-cultures\/","title":{"rendered":"L&rsquo;histoire et l&rsquo;\u00e9volution du tatouage \u00e0 travers les cultures"},"content":{"rendered":"\n<h2 class=\"wp-block-heading\">Le tatouage est une forme d&rsquo;expression artistique et culturelle<\/h2>\n\n\n\n<p>Elle remonte \u00e0 des mill\u00e9naires. Les premi\u00e8res traces de tatouages datent de l&rsquo;\u00e9poque n\u00e9olithique, avec des exemples notables tels que l&rsquo;homme des glaces \u00d6tzi, dont le corps momifi\u00e9 arbore plus de 60 tatouages. Les anciennes civilisations \u00e9gyptiennes utilisaient \u00e9galement le tatouage pour marquer le statut social et les croyances religieuses.<\/p>\n\n\n\n<div style=\"height:14px\" aria-hidden=\"true\" class=\"wp-block-spacer\"><\/div>\n\n\n<div class=\"wp-block-image\">\n<figure class=\"aligncenter size-full\"><img loading=\"lazy\" decoding=\"async\" width=\"430\" height=\"191\" src=\"https:\/\/acekisstattoo.fr\/wp-content\/uploads\/2023\/04\/tattoo-ancien-Otzi.png\" alt=\"\" class=\"wp-image-358\" srcset=\"https:\/\/www.acekisstattoo.fr\/wp-content\/uploads\/2023\/04\/tattoo-ancien-Otzi.png 430w, https:\/\/www.acekisstattoo.fr\/wp-content\/uploads\/2023\/04\/tattoo-ancien-Otzi-300x133.png 300w\" sizes=\"auto, (max-width: 430px) 100vw, 430px\" \/><\/figure>\n<\/div>\n\n\n<div style=\"height:14px\" aria-hidden=\"true\" class=\"wp-block-spacer\"><\/div>\n\n\n\n<h2 class=\"wp-block-heading\">Au fil du temps, l&rsquo;art du tatouage a \u00e9volu\u00e9<\/h2>\n\n\n\n<p>Il s&rsquo;est adapt\u00e9 aux traditions et aux croyances des diff\u00e9rentes cultures. Les Maoris, par exemple, consid\u00e8rent le tatouage comme un rite de passage sacr\u00e9 et un symbole d&rsquo;identit\u00e9 tribale. Les Samoans et les peuples autochtones d&rsquo;Am\u00e9rique du Nord utilisent \u00e9galement le tatouage pour exprimer leur appartenance culturelle et leurs croyances spirituelles.<\/p>\n\n\n\n<p>Des scientifiques ont d\u00e9termin\u00e9 que ses tatouages avaient un but curatif puisqu\u2019ils \u00e9taient principalement situ\u00e9s sur les articulations. Ils avaient tr\u00e8s probablement pour but de soigner l\u2019arthrose\u2026<br><\/p>\n\n\n\n<p>On a \u00e9galement retrouv\u00e9 des traces de l\u2019existence du tatouage chez les peuples Celtes, Japonais, \u00c9gyptiens et bien-s\u00fbr Polyn\u00e9siens. En ces temps recul\u00e9s, le tatouage \u00e9tait plut\u00f4t synonyme d\u2019identit\u00e9 ou de protection. Il \u00e9tait r\u00e9serv\u00e9 aux personnes importantes comme les chefs de tribu ou les rois. Mais, il a aussi \u00e9t\u00e9 tr\u00e8s rapidement utilis\u00e9 pour marquer les esclaves comme \u00e0 Rome o\u00f9 l\u2019on tatouait les criminels et les gladiateurs.<\/p>\n\n\n\n<div style=\"height:14px\" aria-hidden=\"true\" class=\"wp-block-spacer\"><\/div>\n\n\n<div class=\"wp-block-image\">\n<figure class=\"aligncenter size-full\"><img loading=\"lazy\" decoding=\"async\" width=\"899\" height=\"503\" src=\"https:\/\/acekisstattoo.fr\/wp-content\/uploads\/2023\/04\/2023_04_14_15_46_41_L_histoire_du_tatouage_dans_le_monde_I_International_Lille_Tattoo_Mozilla_Fire.png\" alt=\"\" class=\"wp-image-359\" srcset=\"https:\/\/www.acekisstattoo.fr\/wp-content\/uploads\/2023\/04\/2023_04_14_15_46_41_L_histoire_du_tatouage_dans_le_monde_I_International_Lille_Tattoo_Mozilla_Fire.png 899w, https:\/\/www.acekisstattoo.fr\/wp-content\/uploads\/2023\/04\/2023_04_14_15_46_41_L_histoire_du_tatouage_dans_le_monde_I_International_Lille_Tattoo_Mozilla_Fire-300x168.png 300w, https:\/\/www.acekisstattoo.fr\/wp-content\/uploads\/2023\/04\/2023_04_14_15_46_41_L_histoire_du_tatouage_dans_le_monde_I_International_Lille_Tattoo_Mozilla_Fire-768x430.png 768w, https:\/\/www.acekisstattoo.fr\/wp-content\/uploads\/2023\/04\/2023_04_14_15_46_41_L_histoire_du_tatouage_dans_le_monde_I_International_Lille_Tattoo_Mozilla_Fire-536x300.png 536w\" sizes=\"auto, (max-width: 899px) 100vw, 899px\" \/><\/figure>\n<\/div>\n\n\n<div style=\"height:14px\" aria-hidden=\"true\" class=\"wp-block-spacer\"><\/div>\n\n\n\n<p>Les techniques et les styles de tatouage ont \u00e9galement \u00e9volu\u00e9 au fil des si\u00e8cles. Les tatouages traditionnels \u00e0 la main ont \u00e9t\u00e9 remplac\u00e9s par des machines modernes, permettant une plus grande pr\u00e9cision et une vari\u00e9t\u00e9 de styles artistiques. En Occident, la perception des tatouages a \u00e9galement \u00e9volu\u00e9, passant d&rsquo;un symbole de marginalit\u00e9 \u00e0 une forme d&rsquo;expression artistique largement accept\u00e9e.<\/p>\n\n\n\n<div style=\"height:14px\" aria-hidden=\"true\" class=\"wp-block-spacer\"><\/div>\n\n\n\n<h2 class=\"wp-block-heading\"><strong>L\u2019art du tatouage n\u2019est donc pas un art moderne mais bel et bien un savoir-faire ancestral !<\/strong><\/h2>\n\n\n\n<p>Les premiers salons de tatouage ouvrent en Europe \u00e0 la fin des ann\u00e9es 1900. La premi\u00e8re machine \u00e9lectrique, cr\u00e9er par <em><a href=\"https:\/\/www.tattooarchive.com\/history\/oreilly_samuel.php\" target=\"_blank\" rel=\"noreferrer noopener\">Samuel O\u2019Reilly<\/a><\/em> \u00e0 New-York existe d\u00e9j\u00e0 depuis 1891. La pratique commence \u00e0 se d\u00e9mocratiser r\u00e9ellement dans les ann\u00e9es 70 avec les g\u00e9n\u00e9rations punks et bikers.<\/p>\n\n\n\n<div style=\"height:14px\" aria-hidden=\"true\" class=\"wp-block-spacer\"><\/div>\n\n\n<div class=\"wp-block-image\">\n<figure class=\"aligncenter size-full\"><img loading=\"lazy\" decoding=\"async\" width=\"688\" height=\"688\" src=\"https:\/\/acekisstattoo.fr\/wp-content\/uploads\/2023\/04\/2023_04_14_15_46_41_L_histoire_du_tatouage_dans_le_monde_.png\" alt=\"\" class=\"wp-image-362\" srcset=\"https:\/\/www.acekisstattoo.fr\/wp-content\/uploads\/2023\/04\/2023_04_14_15_46_41_L_histoire_du_tatouage_dans_le_monde_.png 688w, https:\/\/www.acekisstattoo.fr\/wp-content\/uploads\/2023\/04\/2023_04_14_15_46_41_L_histoire_du_tatouage_dans_le_monde_-300x300.png 300w, https:\/\/www.acekisstattoo.fr\/wp-content\/uploads\/2023\/04\/2023_04_14_15_46_41_L_histoire_du_tatouage_dans_le_monde_-150x150.png 150w\" sizes=\"auto, (max-width: 688px) 100vw, 688px\" \/><\/figure>\n<\/div>\n\n\n<p class=\"has-text-align-center\"><span style=\"font-size: 10pt;\"><em>Brevet de la 1\u00e8re machine \u00e0 tatouer \u00e9lectronique d\u00e9pos\u00e9 par Samuel O\u2019Reilly, le 8 d\u00e9cembre 1891<\/em><\/span><\/p>\n\n\n\n<div style=\"height:14px\" aria-hidden=\"true\" class=\"wp-block-spacer\"><\/div>\n\n\n\n<blockquote class=\"wp-block-quote is-layout-flow wp-block-quote-is-layout-flow\">\n<p><strong>Aujourd\u2019hui, 1 personne sur 10 serait tatou\u00e9e et elle n\u2019est plus consid\u00e9r\u00e9e comme marginale.<\/strong><\/p>\n<\/blockquote>\n","protected":false},"excerpt":{"rendered":"<p>Le tatouage est une forme d&rsquo;expression artistique et culturelle Elle remonte \u00e0 des mill\u00e9naires. Les premi\u00e8res traces de tatouages datent de l&rsquo;\u00e9poque n\u00e9olithique, avec des &hellip;<\/p>\n","protected":false},"author":1,"featured_media":0,"parent":0,"menu_order":0,"comment_status":"closed","ping_status":"closed","template":"","meta":{"footnotes":""},"class_list":["post-357","page","type-page","status-publish","hentry"],"yoast_head":"<!-- This site is optimized with the Yoast SEO plugin v26.6 - https:\/\/yoast.com\/wordpress\/plugins\/seo\/ -->\n<title>L&#039;histoire et l&#039;\u00e9volution du tatouage \u00e0 travers les cultures - Acekiss Tattoo<\/title>\n<meta name=\"description\" content=\"Le tatouage est une forme d&#039;expression artistique et culturelle qui remonte \u00e0 des mill\u00e9naires.\" \/>\n<meta name=\"robots\" content=\"index, follow, max-snippet:-1, max-image-preview:large, max-video-preview:-1\" \/>\n<link rel=\"canonical\" href=\"http:\/\/www.acekisstattoo.fr\/index.php\/histoire-et-evolution-du-tatouage-a-travers-les-cultures\/\" \/>\n<meta property=\"og:locale\" content=\"fr_FR\" \/>\n<meta property=\"og:type\" content=\"article\" \/>\n<meta property=\"og:title\" content=\"L&#039;histoire et l&#039;\u00e9volution du tatouage \u00e0 travers les cultures - Acekiss Tattoo\" \/>\n<meta property=\"og:description\" content=\"Le tatouage est une forme d&#039;expression artistique et culturelle qui remonte \u00e0 des mill\u00e9naires.\" \/>\n<meta property=\"og:url\" content=\"http:\/\/www.acekisstattoo.fr\/index.php\/histoire-et-evolution-du-tatouage-a-travers-les-cultures\/\" \/>\n<meta property=\"og:site_name\" content=\"Acekiss Tattoo\" \/>\n<meta property=\"article:publisher\" content=\"https:\/\/www.facebook.com\/acekiss.tatoo\" \/>\n<meta property=\"article:modified_time\" content=\"2023-04-14T14:51:09+00:00\" \/>\n<meta property=\"og:image\" content=\"https:\/\/acekisstattoo.fr\/wp-content\/uploads\/2023\/04\/tattoo-ancien-Otzi.png\" \/>\n<meta name=\"twitter:card\" content=\"summary_large_image\" \/>\n<meta name=\"twitter:label1\" content=\"Dur\u00e9e de lecture estim\u00e9e\" \/>\n\t<meta name=\"twitter:data1\" content=\"3 minutes\" \/>\n<script type=\"application\/ld+json\" class=\"yoast-schema-graph\">{\"@context\":\"https:\/\/schema.org\",\"@graph\":[{\"@type\":\"WebPage\",\"@id\":\"http:\/\/www.acekisstattoo.fr\/index.php\/histoire-et-evolution-du-tatouage-a-travers-les-cultures\/\",\"url\":\"http:\/\/www.acekisstattoo.fr\/index.php\/histoire-et-evolution-du-tatouage-a-travers-les-cultures\/\",\"name\":\"L'histoire et l'\u00e9volution du tatouage \u00e0 travers les cultures - Acekiss Tattoo\",\"isPartOf\":{\"@id\":\"http:\/\/www.acekisstattoo.fr\/#website\"},\"primaryImageOfPage\":{\"@id\":\"http:\/\/www.acekisstattoo.fr\/index.php\/histoire-et-evolution-du-tatouage-a-travers-les-cultures\/#primaryimage\"},\"image\":{\"@id\":\"http:\/\/www.acekisstattoo.fr\/index.php\/histoire-et-evolution-du-tatouage-a-travers-les-cultures\/#primaryimage\"},\"thumbnailUrl\":\"https:\/\/acekisstattoo.fr\/wp-content\/uploads\/2023\/04\/tattoo-ancien-Otzi.png\",\"datePublished\":\"2023-04-14T14:04:59+00:00\",\"dateModified\":\"2023-04-14T14:51:09+00:00\",\"description\":\"Le tatouage est une forme d'expression artistique et culturelle qui remonte \u00e0 des mill\u00e9naires.\",\"breadcrumb\":{\"@id\":\"http:\/\/www.acekisstattoo.fr\/index.php\/histoire-et-evolution-du-tatouage-a-travers-les-cultures\/#breadcrumb\"},\"inLanguage\":\"fr-FR\",\"potentialAction\":[{\"@type\":\"ReadAction\",\"target\":[\"http:\/\/www.acekisstattoo.fr\/index.php\/histoire-et-evolution-du-tatouage-a-travers-les-cultures\/\"]}]},{\"@type\":\"ImageObject\",\"inLanguage\":\"fr-FR\",\"@id\":\"http:\/\/www.acekisstattoo.fr\/index.php\/histoire-et-evolution-du-tatouage-a-travers-les-cultures\/#primaryimage\",\"url\":\"https:\/\/acekisstattoo.fr\/wp-content\/uploads\/2023\/04\/tattoo-ancien-Otzi.png\",\"contentUrl\":\"https:\/\/acekisstattoo.fr\/wp-content\/uploads\/2023\/04\/tattoo-ancien-Otzi.png\"},{\"@type\":\"BreadcrumbList\",\"@id\":\"http:\/\/www.acekisstattoo.fr\/index.php\/histoire-et-evolution-du-tatouage-a-travers-les-cultures\/#breadcrumb\",\"itemListElement\":[{\"@type\":\"ListItem\",\"position\":1,\"name\":\"Accueil\",\"item\":\"http:\/\/www.acekisstattoo.fr\/\"},{\"@type\":\"ListItem\",\"position\":2,\"name\":\"L&rsquo;histoire et l&rsquo;\u00e9volution du tatouage \u00e0 travers les cultures\"}]},{\"@type\":\"WebSite\",\"@id\":\"http:\/\/www.acekisstattoo.fr\/#website\",\"url\":\"http:\/\/www.acekisstattoo.fr\/\",\"name\":\"Acekiss Tattoo\",\"description\":\"Votre salon tattoo sur Marseille\",\"publisher\":{\"@id\":\"http:\/\/www.acekisstattoo.fr\/#organization\"},\"potentialAction\":[{\"@type\":\"SearchAction\",\"target\":{\"@type\":\"EntryPoint\",\"urlTemplate\":\"http:\/\/www.acekisstattoo.fr\/?s={search_term_string}\"},\"query-input\":{\"@type\":\"PropertyValueSpecification\",\"valueRequired\":true,\"valueName\":\"search_term_string\"}}],\"inLanguage\":\"fr-FR\"},{\"@type\":\"Organization\",\"@id\":\"http:\/\/www.acekisstattoo.fr\/#organization\",\"name\":\"Acekiss Tattoo\",\"url\":\"http:\/\/www.acekisstattoo.fr\/\",\"logo\":{\"@type\":\"ImageObject\",\"inLanguage\":\"fr-FR\",\"@id\":\"http:\/\/www.acekisstattoo.fr\/#\/schema\/logo\/image\/\",\"url\":\"https:\/\/acekisstattoo.fr\/wp-content\/uploads\/2022\/10\/site-acekisstattoo.jpg\",\"contentUrl\":\"https:\/\/acekisstattoo.fr\/wp-content\/uploads\/2022\/10\/site-acekisstattoo.jpg\",\"width\":1899,\"height\":890,\"caption\":\"Acekiss Tattoo\"},\"image\":{\"@id\":\"http:\/\/www.acekisstattoo.fr\/#\/schema\/logo\/image\/\"},\"sameAs\":[\"https:\/\/www.facebook.com\/acekiss.tatoo\",\"https:\/\/www.instagram.com\/acekiss_tattoo\/\",\"https:\/\/www.snapchat.com\/add\/acekisstattoo\"]}]}<\/script>\n<!-- \/ Yoast SEO plugin. -->","yoast_head_json":{"title":"L'histoire et l'\u00e9volution du tatouage \u00e0 travers les cultures - Acekiss Tattoo","description":"Le tatouage est une forme d'expression artistique et culturelle qui remonte \u00e0 des mill\u00e9naires.","robots":{"index":"index","follow":"follow","max-snippet":"max-snippet:-1","max-image-preview":"max-image-preview:large","max-video-preview":"max-video-preview:-1"},"canonical":"http:\/\/www.acekisstattoo.fr\/index.php\/histoire-et-evolution-du-tatouage-a-travers-les-cultures\/","og_locale":"fr_FR","og_type":"article","og_title":"L'histoire et l'\u00e9volution du tatouage \u00e0 travers les cultures - Acekiss Tattoo","og_description":"Le tatouage est une forme d'expression artistique et culturelle qui remonte \u00e0 des mill\u00e9naires.","og_url":"http:\/\/www.acekisstattoo.fr\/index.php\/histoire-et-evolution-du-tatouage-a-travers-les-cultures\/","og_site_name":"Acekiss Tattoo","article_publisher":"https:\/\/www.facebook.com\/acekiss.tatoo","article_modified_time":"2023-04-14T14:51:09+00:00","og_image":[{"url":"https:\/\/acekisstattoo.fr\/wp-content\/uploads\/2023\/04\/tattoo-ancien-Otzi.png","type":"","width":"","height":""}],"twitter_card":"summary_large_image","twitter_misc":{"Dur\u00e9e de lecture estim\u00e9e":"3 minutes"},"schema":{"@context":"https:\/\/schema.org","@graph":[{"@type":"WebPage","@id":"http:\/\/www.acekisstattoo.fr\/index.php\/histoire-et-evolution-du-tatouage-a-travers-les-cultures\/","url":"http:\/\/www.acekisstattoo.fr\/index.php\/histoire-et-evolution-du-tatouage-a-travers-les-cultures\/","name":"L'histoire et l'\u00e9volution du tatouage \u00e0 travers les cultures - Acekiss Tattoo","isPartOf":{"@id":"http:\/\/www.acekisstattoo.fr\/#website"},"primaryImageOfPage":{"@id":"http:\/\/www.acekisstattoo.fr\/index.php\/histoire-et-evolution-du-tatouage-a-travers-les-cultures\/#primaryimage"},"image":{"@id":"http:\/\/www.acekisstattoo.fr\/index.php\/histoire-et-evolution-du-tatouage-a-travers-les-cultures\/#primaryimage"},"thumbnailUrl":"https:\/\/acekisstattoo.fr\/wp-content\/uploads\/2023\/04\/tattoo-ancien-Otzi.png","datePublished":"2023-04-14T14:04:59+00:00","dateModified":"2023-04-14T14:51:09+00:00","description":"Le tatouage est une forme d'expression artistique et culturelle qui remonte \u00e0 des mill\u00e9naires.","breadcrumb":{"@id":"http:\/\/www.acekisstattoo.fr\/index.php\/histoire-et-evolution-du-tatouage-a-travers-les-cultures\/#breadcrumb"},"inLanguage":"fr-FR","potentialAction":[{"@type":"ReadAction","target":["http:\/\/www.acekisstattoo.fr\/index.php\/histoire-et-evolution-du-tatouage-a-travers-les-cultures\/"]}]},{"@type":"ImageObject","inLanguage":"fr-FR","@id":"http:\/\/www.acekisstattoo.fr\/index.php\/histoire-et-evolution-du-tatouage-a-travers-les-cultures\/#primaryimage","url":"https:\/\/acekisstattoo.fr\/wp-content\/uploads\/2023\/04\/tattoo-ancien-Otzi.png","contentUrl":"https:\/\/acekisstattoo.fr\/wp-content\/uploads\/2023\/04\/tattoo-ancien-Otzi.png"},{"@type":"BreadcrumbList","@id":"http:\/\/www.acekisstattoo.fr\/index.php\/histoire-et-evolution-du-tatouage-a-travers-les-cultures\/#breadcrumb","itemListElement":[{"@type":"ListItem","position":1,"name":"Accueil","item":"http:\/\/www.acekisstattoo.fr\/"},{"@type":"ListItem","position":2,"name":"L&rsquo;histoire et l&rsquo;\u00e9volution du tatouage \u00e0 travers les cultures"}]},{"@type":"WebSite","@id":"http:\/\/www.acekisstattoo.fr\/#website","url":"http:\/\/www.acekisstattoo.fr\/","name":"Acekiss Tattoo","description":"Votre salon tattoo sur Marseille","publisher":{"@id":"http:\/\/www.acekisstattoo.fr\/#organization"},"potentialAction":[{"@type":"SearchAction","target":{"@type":"EntryPoint","urlTemplate":"http:\/\/www.acekisstattoo.fr\/?s={search_term_string}"},"query-input":{"@type":"PropertyValueSpecification","valueRequired":true,"valueName":"search_term_string"}}],"inLanguage":"fr-FR"},{"@type":"Organization","@id":"http:\/\/www.acekisstattoo.fr\/#organization","name":"Acekiss Tattoo","url":"http:\/\/www.acekisstattoo.fr\/","logo":{"@type":"ImageObject","inLanguage":"fr-FR","@id":"http:\/\/www.acekisstattoo.fr\/#\/schema\/logo\/image\/","url":"https:\/\/acekisstattoo.fr\/wp-content\/uploads\/2022\/10\/site-acekisstattoo.jpg","contentUrl":"https:\/\/acekisstattoo.fr\/wp-content\/uploads\/2022\/10\/site-acekisstattoo.jpg","width":1899,"height":890,"caption":"Acekiss Tattoo"},"image":{"@id":"http:\/\/www.acekisstattoo.fr\/#\/schema\/logo\/image\/"},"sameAs":["https:\/\/www.facebook.com\/acekiss.tatoo","https:\/\/www.instagram.com\/acekiss_tattoo\/","https:\/\/www.snapchat.com\/add\/acekisstattoo"]}]}},"_links":{"self":[{"href":"https:\/\/www.acekisstattoo.fr\/index.php\/wp-json\/wp\/v2\/pages\/357","targetHints":{"allow":["GET"]}}],"collection":[{"href":"https:\/\/www.acekisstattoo.fr\/index.php\/wp-json\/wp\/v2\/pages"}],"about":[{"href":"https:\/\/www.acekisstattoo.fr\/index.php\/wp-json\/wp\/v2\/types\/page"}],"author":[{"embeddable":true,"href":"https:\/\/www.acekisstattoo.fr\/index.php\/wp-json\/wp\/v2\/users\/1"}],"replies":[{"embeddable":true,"href":"https:\/\/www.acekisstattoo.fr\/index.php\/wp-json\/wp\/v2\/comments?post=357"}],"version-history":[{"count":5,"href":"https:\/\/www.acekisstattoo.fr\/index.php\/wp-json\/wp\/v2\/pages\/357\/revisions"}],"predecessor-version":[{"id":383,"href":"https:\/\/www.acekisstattoo.fr\/index.php\/wp-json\/wp\/v2\/pages\/357\/revisions\/383"}],"wp:attachment":[{"href":"https:\/\/www.acekisstattoo.fr\/index.php\/wp-json\/wp\/v2\/media?parent=357"}],"curies":[{"name":"wp","href":"https:\/\/api.w.org\/{rel}","templated":true}]}}