{"id":354,"date":"2023-04-13T00:22:48","date_gmt":"2023-04-12T22:22:48","guid":{"rendered":"https:\/\/acekisstattoo.fr\/?page_id=354"},"modified":"2023-04-18T00:41:49","modified_gmt":"2023-04-17T22:41:49","slug":"tatoueur-a-marseille-13011","status":"publish","type":"page","link":"https:\/\/www.acekisstattoo.fr\/index.php\/tatoueur-a-marseille-13011\/","title":{"rendered":"D\u00e9couvrez Acekiss Tattoo"},"content":{"rendered":"\n<p>Tatoueur \u00e0 Marseille 13011, Laurent, artistes talentueux est passionn\u00e9e par la cr\u00e9ation de tatouages qui racontent votre histoire et refl\u00e8tent votre personnalit\u00e9.<\/p>\n\n\n\n<p>Bienvenue chez AceKiss Tattoo, votre salon de tatouage \u00e0 Marseille 11\u00e8me arrondissement pour des cr\u00e9ations artistiques uniques et personnalis\u00e9es. <\/p>\n\n\n\n<div style=\"height:12px\" aria-hidden=\"true\" class=\"wp-block-spacer\"><\/div>\n\n\n\n<h2 class=\"wp-block-heading\">Tatoueur \u00e0 Marseille 13011, Laurent propose une exp\u00e9rience de tatouage enti\u00e8rement personnalis\u00e9e<\/h2>\n\n\n\n<p>Laurent prend le temps de conna\u00eetre chaque client et de comprendre leurs histoires, inspirations et objectifs avant de <a href=\"https:\/\/www.acekisstattoo.fr\/index.php\/mes-realisations\/\" target=\"_blank\" rel=\"noreferrer noopener\">concevoir un tatouage unique<\/a> et sur mesure pour eux.<\/p>\n\n\n\n<p>Ace Kiss Tattoo propose une vari\u00e9t\u00e9 de styles de tatouage, du traditionnel au r\u00e9alisme, en passant par le japonais et le n\u00e9o-traditionnel. Quelle que soit votre id\u00e9e de tattoo, Laurent travaillera avec vous pour cr\u00e9er un tattoo sur mesure qui correspond parfaitement \u00e0 vos attentes.<\/p>\n\n\n\n<div style=\"height:14px\" aria-hidden=\"true\" class=\"wp-block-spacer\"><\/div>\n\n\n<div class=\"wp-block-image\">\n<figure class=\"aligncenter size-large is-resized\"><img loading=\"lazy\" decoding=\"async\" src=\"http:\/\/www.acekisstattoo.fr\/wp-content\/uploads\/2022\/10\/IMG_7421-scaled-e1666911515850-768x1024.jpg\" alt=\"Laurent, tatoueur professionnel \u00e0 Marseille 13011\" class=\"wp-image-51\" width=\"576\" height=\"768\" srcset=\"https:\/\/www.acekisstattoo.fr\/wp-content\/uploads\/2022\/10\/IMG_7421-scaled-e1666911515850-768x1024.jpg 768w, https:\/\/www.acekisstattoo.fr\/wp-content\/uploads\/2022\/10\/IMG_7421-scaled-e1666911515850-225x300.jpg 225w, https:\/\/www.acekisstattoo.fr\/wp-content\/uploads\/2022\/10\/IMG_7421-scaled-e1666911515850-1152x1536.jpg 1152w, https:\/\/www.acekisstattoo.fr\/wp-content\/uploads\/2022\/10\/IMG_7421-scaled-e1666911515850-1536x2048.jpg 1536w, https:\/\/www.acekisstattoo.fr\/wp-content\/uploads\/2022\/10\/IMG_7421-scaled-e1666911515850.jpg 1920w\" sizes=\"auto, (max-width: 576px) 100vw, 576px\" \/><\/figure>\n<\/div>\n\n\n<div style=\"height:14px\" aria-hidden=\"true\" class=\"wp-block-spacer\"><\/div>\n\n\n\n<div style=\"height:16px\" aria-hidden=\"true\" class=\"wp-block-spacer\"><\/div>\n\n\n\n<h2 class=\"wp-block-heading\">Studio Tattoo \u00e0 Marseille 11\u00e8me arrondissement, Quartier Saint Menet &#8211; La Valentine<\/h2>\n\n\n\n<p>Prenez rendez-vous d\u00e8s aujourd&rsquo;hui pour une consultation gratuite et d\u00e9couvrez comment Laurent peut donner vie \u00e0 votre projet !<\/p>\n\n\n\n<div class=\"wp-block-buttons is-layout-flex wp-block-buttons-is-layout-flex\">\n<div class=\"wp-block-button\"><a class=\"wp-block-button__link wp-element-button\" href=\"https:\/\/acekisstattoo.fr\/index.php\/salon-acekiss-tattoo-uniquement-sur-rdv\/\" target=\"_blank\" rel=\"noreferrer noopener\">Prendre rendez-vous<\/a><\/div>\n<\/div>\n\n\n\n<div style=\"height:100px\" aria-hidden=\"true\" class=\"wp-block-spacer\"><\/div>\n","protected":false},"excerpt":{"rendered":"<p>Tatoueur \u00e0 Marseille 13011, Laurent, artistes talentueux est passionn\u00e9e par la cr\u00e9ation de tatouages qui racontent votre histoire et refl\u00e8tent votre personnalit\u00e9. Bienvenue chez AceKiss &hellip;<\/p>\n","protected":false},"author":1,"featured_media":0,"parent":0,"menu_order":0,"comment_status":"closed","ping_status":"closed","template":"","meta":{"footnotes":""},"class_list":["post-354","page","type-page","status-publish","hentry"],"yoast_head":"<!-- This site is optimized with the Yoast SEO plugin v26.6 - https:\/\/yoast.com\/wordpress\/plugins\/seo\/ -->\n<title>D\u00e9couvrez Acekiss Tattoo<\/title>\n<meta name=\"description\" content=\"Tatoueur \u00e0 Marseille 13011 , Laurent propose une exp\u00e9rience de tatouage unique er enti\u00e8rement personnalis\u00e9e.\" \/>\n<meta name=\"robots\" content=\"index, follow, max-snippet:-1, max-image-preview:large, max-video-preview:-1\" \/>\n<link rel=\"canonical\" href=\"https:\/\/www.acekisstattoo.fr\/index.php\/tatoueur-a-marseille-13011\/\" \/>\n<meta property=\"og:locale\" content=\"fr_FR\" \/>\n<meta property=\"og:type\" content=\"article\" \/>\n<meta property=\"og:title\" content=\"D\u00e9couvrez Acekiss Tattoo\" \/>\n<meta property=\"og:description\" content=\"Tatoueur \u00e0 Marseille 13011 , Laurent propose une exp\u00e9rience de tatouage unique er enti\u00e8rement personnalis\u00e9e.\" \/>\n<meta property=\"og:url\" content=\"https:\/\/www.acekisstattoo.fr\/index.php\/tatoueur-a-marseille-13011\/\" \/>\n<meta property=\"og:site_name\" content=\"Acekiss Tattoo\" \/>\n<meta property=\"article:publisher\" content=\"https:\/\/www.facebook.com\/acekiss.tatoo\" \/>\n<meta property=\"article:modified_time\" content=\"2023-04-17T22:41:49+00:00\" \/>\n<meta property=\"og:image\" content=\"http:\/\/www.acekisstattoo.fr\/wp-content\/uploads\/2022\/10\/IMG_7421-scaled-e1666911515850-768x1024.jpg\" \/>\n<meta name=\"twitter:card\" content=\"summary_large_image\" \/>\n<meta name=\"twitter:label1\" content=\"Dur\u00e9e de lecture estim\u00e9e\" \/>\n\t<meta name=\"twitter:data1\" content=\"1 minute\" \/>\n<script type=\"application\/ld+json\" class=\"yoast-schema-graph\">{\"@context\":\"https:\/\/schema.org\",\"@graph\":[{\"@type\":\"WebPage\",\"@id\":\"https:\/\/www.acekisstattoo.fr\/index.php\/tatoueur-a-marseille-13011\/\",\"url\":\"https:\/\/www.acekisstattoo.fr\/index.php\/tatoueur-a-marseille-13011\/\",\"name\":\"D\u00e9couvrez Acekiss Tattoo\",\"isPartOf\":{\"@id\":\"http:\/\/www.acekisstattoo.fr\/#website\"},\"primaryImageOfPage\":{\"@id\":\"https:\/\/www.acekisstattoo.fr\/index.php\/tatoueur-a-marseille-13011\/#primaryimage\"},\"image\":{\"@id\":\"https:\/\/www.acekisstattoo.fr\/index.php\/tatoueur-a-marseille-13011\/#primaryimage\"},\"thumbnailUrl\":\"http:\/\/www.acekisstattoo.fr\/wp-content\/uploads\/2022\/10\/IMG_7421-scaled-e1666911515850-768x1024.jpg\",\"datePublished\":\"2023-04-12T22:22:48+00:00\",\"dateModified\":\"2023-04-17T22:41:49+00:00\",\"description\":\"Tatoueur \u00e0 Marseille 13011 , Laurent propose une exp\u00e9rience de tatouage unique er enti\u00e8rement personnalis\u00e9e.\",\"breadcrumb\":{\"@id\":\"https:\/\/www.acekisstattoo.fr\/index.php\/tatoueur-a-marseille-13011\/#breadcrumb\"},\"inLanguage\":\"fr-FR\",\"potentialAction\":[{\"@type\":\"ReadAction\",\"target\":[\"https:\/\/www.acekisstattoo.fr\/index.php\/tatoueur-a-marseille-13011\/\"]}]},{\"@type\":\"ImageObject\",\"inLanguage\":\"fr-FR\",\"@id\":\"https:\/\/www.acekisstattoo.fr\/index.php\/tatoueur-a-marseille-13011\/#primaryimage\",\"url\":\"http:\/\/www.acekisstattoo.fr\/wp-content\/uploads\/2022\/10\/IMG_7421-scaled-e1666911515850-768x1024.jpg\",\"contentUrl\":\"http:\/\/www.acekisstattoo.fr\/wp-content\/uploads\/2022\/10\/IMG_7421-scaled-e1666911515850-768x1024.jpg\"},{\"@type\":\"BreadcrumbList\",\"@id\":\"https:\/\/www.acekisstattoo.fr\/index.php\/tatoueur-a-marseille-13011\/#breadcrumb\",\"itemListElement\":[{\"@type\":\"ListItem\",\"position\":1,\"name\":\"Accueil\",\"item\":\"http:\/\/www.acekisstattoo.fr\/\"},{\"@type\":\"ListItem\",\"position\":2,\"name\":\"D\u00e9couvrez Acekiss Tattoo\"}]},{\"@type\":\"WebSite\",\"@id\":\"http:\/\/www.acekisstattoo.fr\/#website\",\"url\":\"http:\/\/www.acekisstattoo.fr\/\",\"name\":\"Acekiss Tattoo\",\"description\":\"Votre salon tattoo sur Marseille\",\"publisher\":{\"@id\":\"http:\/\/www.acekisstattoo.fr\/#organization\"},\"potentialAction\":[{\"@type\":\"SearchAction\",\"target\":{\"@type\":\"EntryPoint\",\"urlTemplate\":\"http:\/\/www.acekisstattoo.fr\/?s={search_term_string}\"},\"query-input\":{\"@type\":\"PropertyValueSpecification\",\"valueRequired\":true,\"valueName\":\"search_term_string\"}}],\"inLanguage\":\"fr-FR\"},{\"@type\":\"Organization\",\"@id\":\"http:\/\/www.acekisstattoo.fr\/#organization\",\"name\":\"Acekiss Tattoo\",\"url\":\"http:\/\/www.acekisstattoo.fr\/\",\"logo\":{\"@type\":\"ImageObject\",\"inLanguage\":\"fr-FR\",\"@id\":\"http:\/\/www.acekisstattoo.fr\/#\/schema\/logo\/image\/\",\"url\":\"https:\/\/acekisstattoo.fr\/wp-content\/uploads\/2022\/10\/site-acekisstattoo.jpg\",\"contentUrl\":\"https:\/\/acekisstattoo.fr\/wp-content\/uploads\/2022\/10\/site-acekisstattoo.jpg\",\"width\":1899,\"height\":890,\"caption\":\"Acekiss Tattoo\"},\"image\":{\"@id\":\"http:\/\/www.acekisstattoo.fr\/#\/schema\/logo\/image\/\"},\"sameAs\":[\"https:\/\/www.facebook.com\/acekiss.tatoo\",\"https:\/\/www.instagram.com\/acekiss_tattoo\/\",\"https:\/\/www.snapchat.com\/add\/acekisstattoo\"]}]}<\/script>\n<!-- \/ Yoast SEO plugin. -->","yoast_head_json":{"title":"D\u00e9couvrez Acekiss Tattoo","description":"Tatoueur \u00e0 Marseille 13011 , Laurent propose une exp\u00e9rience de tatouage unique er enti\u00e8rement personnalis\u00e9e.","robots":{"index":"index","follow":"follow","max-snippet":"max-snippet:-1","max-image-preview":"max-image-preview:large","max-video-preview":"max-video-preview:-1"},"canonical":"https:\/\/www.acekisstattoo.fr\/index.php\/tatoueur-a-marseille-13011\/","og_locale":"fr_FR","og_type":"article","og_title":"D\u00e9couvrez Acekiss Tattoo","og_description":"Tatoueur \u00e0 Marseille 13011 , Laurent propose une exp\u00e9rience de tatouage unique er enti\u00e8rement personnalis\u00e9e.","og_url":"https:\/\/www.acekisstattoo.fr\/index.php\/tatoueur-a-marseille-13011\/","og_site_name":"Acekiss Tattoo","article_publisher":"https:\/\/www.facebook.com\/acekiss.tatoo","article_modified_time":"2023-04-17T22:41:49+00:00","og_image":[{"url":"http:\/\/www.acekisstattoo.fr\/wp-content\/uploads\/2022\/10\/IMG_7421-scaled-e1666911515850-768x1024.jpg","type":"","width":"","height":""}],"twitter_card":"summary_large_image","twitter_misc":{"Dur\u00e9e de lecture estim\u00e9e":"1 minute"},"schema":{"@context":"https:\/\/schema.org","@graph":[{"@type":"WebPage","@id":"https:\/\/www.acekisstattoo.fr\/index.php\/tatoueur-a-marseille-13011\/","url":"https:\/\/www.acekisstattoo.fr\/index.php\/tatoueur-a-marseille-13011\/","name":"D\u00e9couvrez Acekiss Tattoo","isPartOf":{"@id":"http:\/\/www.acekisstattoo.fr\/#website"},"primaryImageOfPage":{"@id":"https:\/\/www.acekisstattoo.fr\/index.php\/tatoueur-a-marseille-13011\/#primaryimage"},"image":{"@id":"https:\/\/www.acekisstattoo.fr\/index.php\/tatoueur-a-marseille-13011\/#primaryimage"},"thumbnailUrl":"http:\/\/www.acekisstattoo.fr\/wp-content\/uploads\/2022\/10\/IMG_7421-scaled-e1666911515850-768x1024.jpg","datePublished":"2023-04-12T22:22:48+00:00","dateModified":"2023-04-17T22:41:49+00:00","description":"Tatoueur \u00e0 Marseille 13011 , Laurent propose une exp\u00e9rience de tatouage unique er enti\u00e8rement personnalis\u00e9e.","breadcrumb":{"@id":"https:\/\/www.acekisstattoo.fr\/index.php\/tatoueur-a-marseille-13011\/#breadcrumb"},"inLanguage":"fr-FR","potentialAction":[{"@type":"ReadAction","target":["https:\/\/www.acekisstattoo.fr\/index.php\/tatoueur-a-marseille-13011\/"]}]},{"@type":"ImageObject","inLanguage":"fr-FR","@id":"https:\/\/www.acekisstattoo.fr\/index.php\/tatoueur-a-marseille-13011\/#primaryimage","url":"http:\/\/www.acekisstattoo.fr\/wp-content\/uploads\/2022\/10\/IMG_7421-scaled-e1666911515850-768x1024.jpg","contentUrl":"http:\/\/www.acekisstattoo.fr\/wp-content\/uploads\/2022\/10\/IMG_7421-scaled-e1666911515850-768x1024.jpg"},{"@type":"BreadcrumbList","@id":"https:\/\/www.acekisstattoo.fr\/index.php\/tatoueur-a-marseille-13011\/#breadcrumb","itemListElement":[{"@type":"ListItem","position":1,"name":"Accueil","item":"http:\/\/www.acekisstattoo.fr\/"},{"@type":"ListItem","position":2,"name":"D\u00e9couvrez Acekiss Tattoo"}]},{"@type":"WebSite","@id":"http:\/\/www.acekisstattoo.fr\/#website","url":"http:\/\/www.acekisstattoo.fr\/","name":"Acekiss Tattoo","description":"Votre salon tattoo sur Marseille","publisher":{"@id":"http:\/\/www.acekisstattoo.fr\/#organization"},"potentialAction":[{"@type":"SearchAction","target":{"@type":"EntryPoint","urlTemplate":"http:\/\/www.acekisstattoo.fr\/?s={search_term_string}"},"query-input":{"@type":"PropertyValueSpecification","valueRequired":true,"valueName":"search_term_string"}}],"inLanguage":"fr-FR"},{"@type":"Organization","@id":"http:\/\/www.acekisstattoo.fr\/#organization","name":"Acekiss Tattoo","url":"http:\/\/www.acekisstattoo.fr\/","logo":{"@type":"ImageObject","inLanguage":"fr-FR","@id":"http:\/\/www.acekisstattoo.fr\/#\/schema\/logo\/image\/","url":"https:\/\/acekisstattoo.fr\/wp-content\/uploads\/2022\/10\/site-acekisstattoo.jpg","contentUrl":"https:\/\/acekisstattoo.fr\/wp-content\/uploads\/2022\/10\/site-acekisstattoo.jpg","width":1899,"height":890,"caption":"Acekiss Tattoo"},"image":{"@id":"http:\/\/www.acekisstattoo.fr\/#\/schema\/logo\/image\/"},"sameAs":["https:\/\/www.facebook.com\/acekiss.tatoo","https:\/\/www.instagram.com\/acekiss_tattoo\/","https:\/\/www.snapchat.com\/add\/acekisstattoo"]}]}},"_links":{"self":[{"href":"https:\/\/www.acekisstattoo.fr\/index.php\/wp-json\/wp\/v2\/pages\/354","targetHints":{"allow":["GET"]}}],"collection":[{"href":"https:\/\/www.acekisstattoo.fr\/index.php\/wp-json\/wp\/v2\/pages"}],"about":[{"href":"https:\/\/www.acekisstattoo.fr\/index.php\/wp-json\/wp\/v2\/types\/page"}],"author":[{"embeddable":true,"href":"https:\/\/www.acekisstattoo.fr\/index.php\/wp-json\/wp\/v2\/users\/1"}],"replies":[{"embeddable":true,"href":"https:\/\/www.acekisstattoo.fr\/index.php\/wp-json\/wp\/v2\/comments?post=354"}],"version-history":[{"count":3,"href":"https:\/\/www.acekisstattoo.fr\/index.php\/wp-json\/wp\/v2\/pages\/354\/revisions"}],"predecessor-version":[{"id":453,"href":"https:\/\/www.acekisstattoo.fr\/index.php\/wp-json\/wp\/v2\/pages\/354\/revisions\/453"}],"wp:attachment":[{"href":"https:\/\/www.acekisstattoo.fr\/index.php\/wp-json\/wp\/v2\/media?parent=354"}],"curies":[{"name":"wp","href":"https:\/\/api.w.org\/{rel}","templated":true}]}}