{"id":2,"date":"2022-10-26T12:07:29","date_gmt":"2022-10-26T10:07:29","guid":{"rendered":"http:\/\/acekisstattoo.fr\/?page_id=2"},"modified":"2023-04-12T23:57:17","modified_gmt":"2023-04-12T21:57:17","slug":"page-d-accueil","status":"publish","type":"page","link":"https:\/\/www.acekisstattoo.fr\/index.php\/page-d-accueil\/","title":{"rendered":"A propos de moi"},"content":{"rendered":"\n<h2 class=\"wp-block-heading\">Bonjour, je m\u2019appelle Laurent Ollier <\/h2>\n\n\n\n<p>Vous souhaitez savoir comment j&rsquo;en suis arriv\u00e9 \u00e0 faire des TaTToo ? &#8230; l&rsquo;histoire commence comme \u00e7a :  <\/p>\n\n\n\n<p>A l&rsquo;\u00e2ge de 14 ans, tout a commenc\u00e9 avec un cadeau \u00e0 No\u00ebl,  un a\u00e9rographe ! &#8230; mes premiers pas, mes premi\u00e8res expressions artistiques.<\/p>\n\n\n\n<p> J&rsquo;ai pratiqu\u00e9 cette premi\u00e8re passion  durant 15 ans environ, en autodidacte, sur tous les supports que je pouvais trouver. Beaucoup de casques moto, de b\u00e9canes, de capots de voitures, d&rsquo;enseignes ou encore des d\u00e9cos de no\u00ebl sur bois.<\/p>\n\n\n\n<p>&#8230; puis j&rsquo;ai d\u00e9laiss\u00e9 l\u2019a\u00e9rographe pour la peinture \u00e0 l&rsquo;huile et \u00e7a durant 2 ou 3 ans. <\/p>\n\n\n\n<div style=\"height:10px\" aria-hidden=\"true\" class=\"wp-block-spacer\"><\/div>\n\n\n\n<h2 class=\"wp-block-heading\">A partir de 2008, je me suis int\u00e9ress\u00e9 au tatouage<\/h2>\n\n\n\n<p>&#8230; Et l\u00e0, \u00e9norme r\u00e9v\u00e9lation pour moi !  <\/p>\n\n\n\n<p>La dermopigmentation  r\u00e9unissait tous les avantages des arts pr\u00e9c\u00e9dents en 1 seul &#8230; fini le pon\u00e7age des pi\u00e8ces, termin\u00e9 la carrosserie, les odeurs fortes,  les peintures \u00e0 l&rsquo;huile longues \u00e0 s\u00e9cher, etc&#8230;  (bon pas de suite \u00e9videmment, car avant de prendre du plaisir dans le tatouage, il faut beaucoup travailler).<\/p>\n\n\n\n<p>Un vrai bonheur ! <\/p>\n\n\n\n<p>De la discussion avec le client, puis la cr\u00e9ation du dessin, mon espace de travail TaTToo liant hygi\u00e8ne et propret\u00e9, l&rsquo;ambiance sereine et bienveillante vis a vis de mes clients, vient alors la s\u00e9ance \u00ab\u00a0de pique\u00a0\u00bb et le r\u00e9sultat \u00ab\u00a0\u00e0 vie\u00a0\u00bb sur la peau de la personne qui m&rsquo;a choisi pour r\u00e9aliser son projet.<\/p>\n\n\n\n<p>J&rsquo;avais enfin trouv\u00e9 ce que je voulais faire ! Restait juste \u00e0 me donner les moyens d&rsquo;y arriver&#8230;<\/p>\n\n\n\n<p>Achat mat\u00e9riel, machine \u00e0 tatouer traditionnelle&#8230; la base quoi &#8230; et puis en 2008, faut dire qu&rsquo;il n&rsquo;y avait pas trop le choix de l&#8217;embarras (ahaha..). A cette \u00e9poque, il y n&rsquo;a d&rsquo;ailleurs \u00e0 Marseille qu&rsquo;un magasin \u00e0 la corderie o\u00f9 l&rsquo;on peut se fournir en mat\u00e9riel &#8230; cette fois, j&rsquo;\u00e9tais pr\u00eat pour l&rsquo;aventure.<\/p>\n\n\n\n<div style=\"height:10px\" aria-hidden=\"true\" class=\"wp-block-spacer\"><\/div>\n\n\n\n<h2 class=\"wp-block-heading\">Depuis 2003, je mets donc mon exp\u00e9rience et mon savoir-faire \u00e0 votre service afin de r\u00e9aliser, du plus petit au plus imposant de vos projets TaTToo.<\/h2>\n\n\n\n<blockquote class=\"wp-block-quote is-layout-flow wp-block-quote-is-layout-flow\">\n<p>Vous l&rsquo;avez compris, pour moi le tatouage c\u2019est d\u2019abord une passion, une rencontre, un \u00e9change et un travail qui se fera forc\u00e9ment \u00e0 deux. Comme chaque histoire est unique, je m\u2019accorde avec vous le temps de la r\u00e9flexion et ce, afin de cr\u00e9er ce tatouage qui collera au plus pr\u00e8s \u00e0 votre personnalit\u00e9 et que vous aimerez pour tout le restant de votre vie.<\/p>\n<\/blockquote>\n\n\n\n<div style=\"height:10px\" aria-hidden=\"true\" class=\"wp-block-spacer\"><\/div>\n\n\n\n<h2 class=\"wp-block-heading\">Je suis un tatoueur plut\u00f4t polyvalent<\/h2>\n\n\n\n<p>J\u2019appr\u00e9cie les tatouages aux lignes fines, les tatouages \u00e0 l\u2019encre noire, le r\u00e9alisme\u2026 Tous mes motifs sont dessin\u00e9s pour vous sur mesure.<\/p>\n\n\n\n<p>Je suis sp\u00e9cialis\u00e9 dans le mod\u00e8le unique et personnalis\u00e9. N\u00e9anmoins, pour les plus ind\u00e9cis, j\u2019ai de nombreux mod\u00e8les (flash) \u00e0 votre disposition, afin que vous puissiez trouver des id\u00e9es pour votre futur tatouage.<\/p>\n\n\n\n<div style=\"height:15px\" aria-hidden=\"true\" class=\"wp-block-spacer\"><\/div>\n\n\n<div class=\"wp-block-image\">\n<figure class=\"aligncenter size-large\"><img loading=\"lazy\" decoding=\"async\" width=\"768\" height=\"1024\" src=\"http:\/\/acekisstattoo.fr\/wp-content\/uploads\/2022\/10\/IMG_7421-scaled-e1666911515850-768x1024.jpg\" alt=\"Salon Tattoo Acekiss Tattoo et photo de Laurent \" class=\"wp-image-51\" srcset=\"https:\/\/www.acekisstattoo.fr\/wp-content\/uploads\/2022\/10\/IMG_7421-scaled-e1666911515850-768x1024.jpg 768w, https:\/\/www.acekisstattoo.fr\/wp-content\/uploads\/2022\/10\/IMG_7421-scaled-e1666911515850-225x300.jpg 225w, https:\/\/www.acekisstattoo.fr\/wp-content\/uploads\/2022\/10\/IMG_7421-scaled-e1666911515850-1152x1536.jpg 1152w, https:\/\/www.acekisstattoo.fr\/wp-content\/uploads\/2022\/10\/IMG_7421-scaled-e1666911515850-1536x2048.jpg 1536w, https:\/\/www.acekisstattoo.fr\/wp-content\/uploads\/2022\/10\/IMG_7421-scaled-e1666911515850.jpg 1920w\" sizes=\"auto, (max-width: 768px) 100vw, 768px\" \/><\/figure>\n<\/div>\n\n\n<div style=\"height:15px\" aria-hidden=\"true\" class=\"wp-block-spacer\"><\/div>\n\n\n\n<h2 class=\"wp-block-heading\">Contacter Acekiss Tattoo<\/h2>\n\n\n\n<p>Votre salon Acekiss Tattoo est situ\u00e9 dans le 11\u00e8me arrondissement de Marseille. Il est con\u00e7u pour vous accueillir dans les meilleures conditions. Enti\u00e8rement d\u00e9di\u00e9 au tatouage, l&rsquo;agencement sobre du salon et l&rsquo;utilisation exclusive de mat\u00e9riel \u00e0 usage unique garantissent les meilleurs standards en mati\u00e8re d&rsquo;hygi\u00e8ne et de s\u00e9curit\u00e9.<\/p>\n\n\n\n<p>Si vous souhaitez discuter de votre projet de tatouage avec Laurent, n&rsquo;h\u00e9sitez pas \u00e0 prendre contact avec lui pour convenir d&rsquo;un premier rendez-vous. <\/p>\n\n\n\n<div class=\"wp-block-buttons is-layout-flex wp-block-buttons-is-layout-flex\">\n<div class=\"wp-block-button\"><a class=\"wp-block-button__link wp-element-button\" href=\"http:\/\/acekisstattoo.fr\/index.php\/salon-acekiss-tattoo-uniquement-sur-rdv\/\" target=\"_blank\" rel=\"noreferrer noopener\">Prendre contact avec Laurent<\/a><\/div>\n<\/div>\n\n\n\n<div style=\"height:100px\" aria-hidden=\"true\" class=\"wp-block-spacer\"><\/div>\n\n\n\n<h2 class=\"wp-block-heading has-text-align-center\">Tatoueur \u00e0 Marseille \/ Salon de tatouage proche de Allauch\/ Studio Tattoo pr\u00e8s de Plan de Cuques<\/h2>\n\n\n\n<h3 class=\"wp-block-heading has-text-align-center\">Marseille \/ La Valentine \/ St Menet \/ Allauch \/ Plan de Cuques \/ La Penne sur Huveaune \/ Aubagne \/ Aix en Provence<\/h3>\n","protected":false},"excerpt":{"rendered":"<p>Bonjour, je m\u2019appelle Laurent Ollier Vous souhaitez savoir comment j&rsquo;en suis arriv\u00e9 \u00e0 faire des TaTToo ? &#8230; l&rsquo;histoire commence comme \u00e7a : A l&rsquo;\u00e2ge &hellip;<\/p>\n","protected":false},"author":1,"featured_media":0,"parent":0,"menu_order":0,"comment_status":"closed","ping_status":"open","template":"","meta":{"footnotes":""},"class_list":["post-2","page","type-page","status-publish","hentry"],"yoast_head":"<!-- This site is optimized with the Yoast SEO plugin v26.6 - https:\/\/yoast.com\/wordpress\/plugins\/seo\/ -->\n<title>A propos de moi - Acekiss Tattoo<\/title>\n<meta name=\"description\" content=\"Pour moi le tatouage c\u2019est d\u2019abord une passion, une rencontre, un \u00e9change et un travail qui se fera forc\u00e9ment \u00e0 deux.\" \/>\n<meta name=\"robots\" content=\"index, follow, max-snippet:-1, max-image-preview:large, max-video-preview:-1\" \/>\n<link rel=\"canonical\" href=\"https:\/\/www.acekisstattoo.fr\/index.php\/page-d-accueil\/\" \/>\n<meta property=\"og:locale\" content=\"fr_FR\" \/>\n<meta property=\"og:type\" content=\"article\" \/>\n<meta property=\"og:title\" content=\"Laurent Acekiss Tattoo\" \/>\n<meta property=\"og:description\" content=\"Pour moi le tatouage c\u2019est d\u2019abord une passion, une rencontre, un \u00e9change et un travail qui se fera forc\u00e9ment \u00e0 deux.\" \/>\n<meta property=\"og:url\" content=\"https:\/\/www.acekisstattoo.fr\/index.php\/page-d-accueil\/\" \/>\n<meta property=\"og:site_name\" content=\"Acekiss Tattoo\" \/>\n<meta property=\"article:publisher\" content=\"https:\/\/www.facebook.com\/acekiss.tatoo\" \/>\n<meta property=\"article:modified_time\" content=\"2023-04-12T21:57:17+00:00\" \/>\n<meta property=\"og:image\" content=\"https:\/\/www.acekisstattoo.fr\/wp-content\/uploads\/2022\/10\/IMG_7421-scaled-e1666911515850.jpg\" \/>\n\t<meta property=\"og:image:width\" content=\"1920\" \/>\n\t<meta property=\"og:image:height\" content=\"2560\" \/>\n\t<meta property=\"og:image:type\" content=\"image\/jpeg\" \/>\n<meta name=\"twitter:card\" content=\"summary_large_image\" \/>\n<meta name=\"twitter:title\" content=\"Laurent Acekiss Tattoo\" \/>\n<meta name=\"twitter:description\" content=\"Pour moi le tatouage c\u2019est d\u2019abord une passion, une rencontre, un \u00e9change et un travail qui se fera forc\u00e9ment \u00e0 deux.\" \/>\n<meta name=\"twitter:image\" content=\"https:\/\/www.acekisstattoo.fr\/wp-content\/uploads\/2022\/10\/IMG_7421-scaled-e1666911515850.jpg\" \/>\n<meta name=\"twitter:label1\" content=\"Dur\u00e9e de lecture estim\u00e9e\" \/>\n\t<meta name=\"twitter:data1\" content=\"4 minutes\" \/>\n<script type=\"application\/ld+json\" class=\"yoast-schema-graph\">{\"@context\":\"https:\/\/schema.org\",\"@graph\":[{\"@type\":\"WebPage\",\"@id\":\"https:\/\/www.acekisstattoo.fr\/index.php\/page-d-accueil\/\",\"url\":\"https:\/\/www.acekisstattoo.fr\/index.php\/page-d-accueil\/\",\"name\":\"A propos de moi - Acekiss Tattoo\",\"isPartOf\":{\"@id\":\"http:\/\/www.acekisstattoo.fr\/#website\"},\"primaryImageOfPage\":{\"@id\":\"https:\/\/www.acekisstattoo.fr\/index.php\/page-d-accueil\/#primaryimage\"},\"image\":{\"@id\":\"https:\/\/www.acekisstattoo.fr\/index.php\/page-d-accueil\/#primaryimage\"},\"thumbnailUrl\":\"http:\/\/acekisstattoo.fr\/wp-content\/uploads\/2022\/10\/IMG_7421-scaled-e1666911515850-768x1024.jpg\",\"datePublished\":\"2022-10-26T10:07:29+00:00\",\"dateModified\":\"2023-04-12T21:57:17+00:00\",\"description\":\"Pour moi le tatouage c\u2019est d\u2019abord une passion, une rencontre, un \u00e9change et un travail qui se fera forc\u00e9ment \u00e0 deux.\",\"breadcrumb\":{\"@id\":\"https:\/\/www.acekisstattoo.fr\/index.php\/page-d-accueil\/#breadcrumb\"},\"inLanguage\":\"fr-FR\",\"potentialAction\":[{\"@type\":\"ReadAction\",\"target\":[\"https:\/\/www.acekisstattoo.fr\/index.php\/page-d-accueil\/\"]}]},{\"@type\":\"ImageObject\",\"inLanguage\":\"fr-FR\",\"@id\":\"https:\/\/www.acekisstattoo.fr\/index.php\/page-d-accueil\/#primaryimage\",\"url\":\"http:\/\/acekisstattoo.fr\/wp-content\/uploads\/2022\/10\/IMG_7421-scaled-e1666911515850-768x1024.jpg\",\"contentUrl\":\"http:\/\/acekisstattoo.fr\/wp-content\/uploads\/2022\/10\/IMG_7421-scaled-e1666911515850-768x1024.jpg\"},{\"@type\":\"BreadcrumbList\",\"@id\":\"https:\/\/www.acekisstattoo.fr\/index.php\/page-d-accueil\/#breadcrumb\",\"itemListElement\":[{\"@type\":\"ListItem\",\"position\":1,\"name\":\"Accueil\",\"item\":\"http:\/\/www.acekisstattoo.fr\/\"},{\"@type\":\"ListItem\",\"position\":2,\"name\":\"A propos de moi\"}]},{\"@type\":\"WebSite\",\"@id\":\"http:\/\/www.acekisstattoo.fr\/#website\",\"url\":\"http:\/\/www.acekisstattoo.fr\/\",\"name\":\"Acekiss Tattoo\",\"description\":\"Votre salon tattoo sur Marseille\",\"publisher\":{\"@id\":\"http:\/\/www.acekisstattoo.fr\/#organization\"},\"potentialAction\":[{\"@type\":\"SearchAction\",\"target\":{\"@type\":\"EntryPoint\",\"urlTemplate\":\"http:\/\/www.acekisstattoo.fr\/?s={search_term_string}\"},\"query-input\":{\"@type\":\"PropertyValueSpecification\",\"valueRequired\":true,\"valueName\":\"search_term_string\"}}],\"inLanguage\":\"fr-FR\"},{\"@type\":\"Organization\",\"@id\":\"http:\/\/www.acekisstattoo.fr\/#organization\",\"name\":\"Acekiss Tattoo\",\"url\":\"http:\/\/www.acekisstattoo.fr\/\",\"logo\":{\"@type\":\"ImageObject\",\"inLanguage\":\"fr-FR\",\"@id\":\"http:\/\/www.acekisstattoo.fr\/#\/schema\/logo\/image\/\",\"url\":\"https:\/\/acekisstattoo.fr\/wp-content\/uploads\/2022\/10\/site-acekisstattoo.jpg\",\"contentUrl\":\"https:\/\/acekisstattoo.fr\/wp-content\/uploads\/2022\/10\/site-acekisstattoo.jpg\",\"width\":1899,\"height\":890,\"caption\":\"Acekiss Tattoo\"},\"image\":{\"@id\":\"http:\/\/www.acekisstattoo.fr\/#\/schema\/logo\/image\/\"},\"sameAs\":[\"https:\/\/www.facebook.com\/acekiss.tatoo\",\"https:\/\/www.instagram.com\/acekiss_tattoo\/\",\"https:\/\/www.snapchat.com\/add\/acekisstattoo\"]}]}<\/script>\n<!-- \/ Yoast SEO plugin. -->","yoast_head_json":{"title":"A propos de moi - Acekiss Tattoo","description":"Pour moi le tatouage c\u2019est d\u2019abord une passion, une rencontre, un \u00e9change et un travail qui se fera forc\u00e9ment \u00e0 deux.","robots":{"index":"index","follow":"follow","max-snippet":"max-snippet:-1","max-image-preview":"max-image-preview:large","max-video-preview":"max-video-preview:-1"},"canonical":"https:\/\/www.acekisstattoo.fr\/index.php\/page-d-accueil\/","og_locale":"fr_FR","og_type":"article","og_title":"Laurent Acekiss Tattoo","og_description":"Pour moi le tatouage c\u2019est d\u2019abord une passion, une rencontre, un \u00e9change et un travail qui se fera forc\u00e9ment \u00e0 deux.","og_url":"https:\/\/www.acekisstattoo.fr\/index.php\/page-d-accueil\/","og_site_name":"Acekiss Tattoo","article_publisher":"https:\/\/www.facebook.com\/acekiss.tatoo","article_modified_time":"2023-04-12T21:57:17+00:00","og_image":[{"width":1920,"height":2560,"url":"https:\/\/www.acekisstattoo.fr\/wp-content\/uploads\/2022\/10\/IMG_7421-scaled-e1666911515850.jpg","type":"image\/jpeg"}],"twitter_card":"summary_large_image","twitter_title":"Laurent Acekiss Tattoo","twitter_description":"Pour moi le tatouage c\u2019est d\u2019abord une passion, une rencontre, un \u00e9change et un travail qui se fera forc\u00e9ment \u00e0 deux.","twitter_image":"https:\/\/www.acekisstattoo.fr\/wp-content\/uploads\/2022\/10\/IMG_7421-scaled-e1666911515850.jpg","twitter_misc":{"Dur\u00e9e de lecture estim\u00e9e":"4 minutes"},"schema":{"@context":"https:\/\/schema.org","@graph":[{"@type":"WebPage","@id":"https:\/\/www.acekisstattoo.fr\/index.php\/page-d-accueil\/","url":"https:\/\/www.acekisstattoo.fr\/index.php\/page-d-accueil\/","name":"A propos de moi - Acekiss Tattoo","isPartOf":{"@id":"http:\/\/www.acekisstattoo.fr\/#website"},"primaryImageOfPage":{"@id":"https:\/\/www.acekisstattoo.fr\/index.php\/page-d-accueil\/#primaryimage"},"image":{"@id":"https:\/\/www.acekisstattoo.fr\/index.php\/page-d-accueil\/#primaryimage"},"thumbnailUrl":"http:\/\/acekisstattoo.fr\/wp-content\/uploads\/2022\/10\/IMG_7421-scaled-e1666911515850-768x1024.jpg","datePublished":"2022-10-26T10:07:29+00:00","dateModified":"2023-04-12T21:57:17+00:00","description":"Pour moi le tatouage c\u2019est d\u2019abord une passion, une rencontre, un \u00e9change et un travail qui se fera forc\u00e9ment \u00e0 deux.","breadcrumb":{"@id":"https:\/\/www.acekisstattoo.fr\/index.php\/page-d-accueil\/#breadcrumb"},"inLanguage":"fr-FR","potentialAction":[{"@type":"ReadAction","target":["https:\/\/www.acekisstattoo.fr\/index.php\/page-d-accueil\/"]}]},{"@type":"ImageObject","inLanguage":"fr-FR","@id":"https:\/\/www.acekisstattoo.fr\/index.php\/page-d-accueil\/#primaryimage","url":"http:\/\/acekisstattoo.fr\/wp-content\/uploads\/2022\/10\/IMG_7421-scaled-e1666911515850-768x1024.jpg","contentUrl":"http:\/\/acekisstattoo.fr\/wp-content\/uploads\/2022\/10\/IMG_7421-scaled-e1666911515850-768x1024.jpg"},{"@type":"BreadcrumbList","@id":"https:\/\/www.acekisstattoo.fr\/index.php\/page-d-accueil\/#breadcrumb","itemListElement":[{"@type":"ListItem","position":1,"name":"Accueil","item":"http:\/\/www.acekisstattoo.fr\/"},{"@type":"ListItem","position":2,"name":"A propos de moi"}]},{"@type":"WebSite","@id":"http:\/\/www.acekisstattoo.fr\/#website","url":"http:\/\/www.acekisstattoo.fr\/","name":"Acekiss Tattoo","description":"Votre salon tattoo sur Marseille","publisher":{"@id":"http:\/\/www.acekisstattoo.fr\/#organization"},"potentialAction":[{"@type":"SearchAction","target":{"@type":"EntryPoint","urlTemplate":"http:\/\/www.acekisstattoo.fr\/?s={search_term_string}"},"query-input":{"@type":"PropertyValueSpecification","valueRequired":true,"valueName":"search_term_string"}}],"inLanguage":"fr-FR"},{"@type":"Organization","@id":"http:\/\/www.acekisstattoo.fr\/#organization","name":"Acekiss Tattoo","url":"http:\/\/www.acekisstattoo.fr\/","logo":{"@type":"ImageObject","inLanguage":"fr-FR","@id":"http:\/\/www.acekisstattoo.fr\/#\/schema\/logo\/image\/","url":"https:\/\/acekisstattoo.fr\/wp-content\/uploads\/2022\/10\/site-acekisstattoo.jpg","contentUrl":"https:\/\/acekisstattoo.fr\/wp-content\/uploads\/2022\/10\/site-acekisstattoo.jpg","width":1899,"height":890,"caption":"Acekiss Tattoo"},"image":{"@id":"http:\/\/www.acekisstattoo.fr\/#\/schema\/logo\/image\/"},"sameAs":["https:\/\/www.facebook.com\/acekiss.tatoo","https:\/\/www.instagram.com\/acekiss_tattoo\/","https:\/\/www.snapchat.com\/add\/acekisstattoo"]}]}},"_links":{"self":[{"href":"https:\/\/www.acekisstattoo.fr\/index.php\/wp-json\/wp\/v2\/pages\/2","targetHints":{"allow":["GET"]}}],"collection":[{"href":"https:\/\/www.acekisstattoo.fr\/index.php\/wp-json\/wp\/v2\/pages"}],"about":[{"href":"https:\/\/www.acekisstattoo.fr\/index.php\/wp-json\/wp\/v2\/types\/page"}],"author":[{"embeddable":true,"href":"https:\/\/www.acekisstattoo.fr\/index.php\/wp-json\/wp\/v2\/users\/1"}],"replies":[{"embeddable":true,"href":"https:\/\/www.acekisstattoo.fr\/index.php\/wp-json\/wp\/v2\/comments?post=2"}],"version-history":[{"count":21,"href":"https:\/\/www.acekisstattoo.fr\/index.php\/wp-json\/wp\/v2\/pages\/2\/revisions"}],"predecessor-version":[{"id":346,"href":"https:\/\/www.acekisstattoo.fr\/index.php\/wp-json\/wp\/v2\/pages\/2\/revisions\/346"}],"wp:attachment":[{"href":"https:\/\/www.acekisstattoo.fr\/index.php\/wp-json\/wp\/v2\/media?parent=2"}],"curies":[{"name":"wp","href":"https:\/\/api.w.org\/{rel}","templated":true}]}}