{"id":186,"date":"2022-10-27T23:18:37","date_gmt":"2022-10-27T21:18:37","guid":{"rendered":"http:\/\/acekisstattoo.fr\/?page_id=186"},"modified":"2024-10-07T09:12:53","modified_gmt":"2024-10-07T07:12:53","slug":"salon-acekiss-tattoo-uniquement-sur-rdv","status":"publish","type":"page","link":"https:\/\/www.acekisstattoo.fr\/index.php\/salon-acekiss-tattoo-uniquement-sur-rdv\/","title":{"rendered":"Contactez moi"},"content":{"rendered":"\n<h2 class=\"wp-block-heading\">Une question? Une demande de rendez-vous? Contactez-moi&#8230; <\/h2>\n\n\n\n<div class=\"wp-block-contact-form-7-contact-form-selector\">\n<div class=\"wpcf7 no-js\" id=\"wpcf7-f413-o1\" lang=\"fr-FR\" dir=\"ltr\" data-wpcf7-id=\"413\">\n<div class=\"screen-reader-response\"><p role=\"status\" aria-live=\"polite\" aria-atomic=\"true\"><\/p> <ul><\/ul><\/div>\n<form action=\"\/index.php\/wp-json\/wp\/v2\/pages\/186#wpcf7-f413-o1\" method=\"post\" class=\"wpcf7-form init\" aria-label=\"Formulaire de contact\" novalidate=\"novalidate\" data-status=\"init\">\n<fieldset class=\"hidden-fields-container\"><input type=\"hidden\" name=\"_wpcf7\" value=\"413\" \/><input type=\"hidden\" name=\"_wpcf7_version\" value=\"6.1.4\" \/><input type=\"hidden\" name=\"_wpcf7_locale\" value=\"fr_FR\" \/><input type=\"hidden\" name=\"_wpcf7_unit_tag\" value=\"wpcf7-f413-o1\" \/><input type=\"hidden\" name=\"_wpcf7_container_post\" value=\"0\" \/><input type=\"hidden\" name=\"_wpcf7_posted_data_hash\" value=\"\" \/><input type=\"hidden\" name=\"_wpcf7_recaptcha_response\" value=\"\" \/>\n<\/fieldset>\n<p><label> Votre nom<br \/>\n<span class=\"wpcf7-form-control-wrap\" data-name=\"your-name\"><input size=\"40\" maxlength=\"400\" class=\"wpcf7-form-control wpcf7-text wpcf7-validates-as-required\" autocomplete=\"name\" aria-required=\"true\" aria-invalid=\"false\" value=\"\" type=\"text\" name=\"your-name\" \/><\/span> <\/label>\n<\/p>\n<p><label> Votre e-mail<br \/>\n<span class=\"wpcf7-form-control-wrap\" data-name=\"your-email\"><input size=\"40\" maxlength=\"400\" class=\"wpcf7-form-control wpcf7-email wpcf7-validates-as-required wpcf7-text wpcf7-validates-as-email\" autocomplete=\"email\" aria-required=\"true\" aria-invalid=\"false\" value=\"\" type=\"email\" name=\"your-email\" \/><\/span> <\/label>\n<\/p>\n<p>Votre t\u00e9l\u00e9phone<br \/>\n<span class=\"wpcf7-form-control-wrap\" data-name=\"tel-44\"><input size=\"40\" maxlength=\"400\" class=\"wpcf7-form-control wpcf7-tel wpcf7-text wpcf7-validates-as-tel\" aria-invalid=\"false\" value=\"\" type=\"tel\" name=\"tel-44\" \/><\/span>\n<\/p>\n<p><label> Objet<br \/>\n<span class=\"wpcf7-form-control-wrap\" data-name=\"your-subject\"><input size=\"40\" maxlength=\"400\" class=\"wpcf7-form-control wpcf7-text wpcf7-validates-as-required\" aria-required=\"true\" aria-invalid=\"false\" value=\"\" type=\"text\" name=\"your-subject\" \/><\/span> <\/label>\n<\/p>\n<p><label> Votre message (facultatif)<br \/>\n<span class=\"wpcf7-form-control-wrap\" data-name=\"your-message\"><textarea cols=\"40\" rows=\"10\" maxlength=\"2000\" class=\"wpcf7-form-control wpcf7-textarea\" aria-invalid=\"false\" name=\"your-message\"><\/textarea><\/span> <\/label>\n<\/p>\n<p><input class=\"wpcf7-form-control wpcf7-submit has-spinner\" type=\"submit\" value=\"Envoyer\" \/>\n<\/p><div class=\"wpcf7-response-output\" aria-hidden=\"true\"><\/div>\n<\/form>\n<\/div>\n<\/div>\n\n\n\n<div style=\"height:14px\" aria-hidden=\"true\" class=\"wp-block-spacer\"><\/div>\n\n\n\n<hr class=\"wp-block-separator has-alpha-channel-opacity\"\/>\n\n\n\n<h2 class=\"wp-block-heading\"><strong>Acekiss Tattoo<\/strong> (uniquement sur rdv)<\/h2>\n\n\n\n<div style=\"height:33px\" aria-hidden=\"true\" class=\"wp-block-spacer\"><\/div>\n\n\n\n<div class=\"wp-block-columns is-layout-flex wp-container-core-columns-is-layout-9d6595d7 wp-block-columns-is-layout-flex\">\n<div class=\"wp-block-column is-layout-flow wp-block-column-is-layout-flow\" style=\"flex-basis:66.66%\"><p><iframe src=\"https:\/\/www.google.com\/maps\/embed?pb=!1m14!1m8!1m3!1d11616.799992552355!2d5.4983263!3d43.2891332!3m2!1i1024!2i768!4f13.1!3m3!1m2!1s0x12c9bdee2a107f75%3A0xed1538e877ad30bb!2sAcekiss%20Tattoo!5e0!3m2!1sfr!2sfr!4v1681336742245!5m2!1sfr!2sfr\" style=\"border:0;\" allowfullscreen=\"\" loading=\"lazy\" referrerpolicy=\"no-referrer-when-downgrade\" width=\"600\" height=\"450\"><\/iframe><\/p>\n<\/div>\n\n\n\n<div class=\"wp-block-column is-vertically-aligned-center is-layout-flow wp-block-column-is-layout-flow\" style=\"flex-basis:33.33%\">\n<p class=\"has-text-align-center\"><strong>Adresse<\/strong> <strong>du salon<\/strong> : 44, avenue de Saint Menet &#8211; 13011 Marseille<\/p>\n\n\n\n<p class=\"has-text-align-center\"><strong>Mail<\/strong>: <a href=\"mailto:Contact@acekisstattoo.fr\" target=\"_blank\" rel=\"noreferrer noopener\">Contact@acekisstattoo.fr<\/a><\/p>\n\n\n\n<p class=\"has-text-align-center\"><strong>T\u00e9l<\/strong>: <a href=\"tel:0610645623\">0775785426<\/a><\/p>\n<\/div>\n<\/div>\n\n\n\n<hr class=\"wp-block-separator has-alpha-channel-opacity\"\/>\n\n\n\n<div style=\"height:163px\" aria-hidden=\"true\" class=\"wp-block-spacer\"><\/div>\n\n\n\n<h2 class=\"wp-block-heading has-text-align-center\">Salon Tatto \/ Salon Tatouage<\/h2>\n\n\n\n<h3 class=\"wp-block-heading has-text-align-center\">Marseille \/ La Valentine \/ St Menet \/ Allauch \/ Plan de Cuques \/ La Penne sur Huveaune \/ Aubagne \/ Aix en Provence<\/h3>\n","protected":false},"excerpt":{"rendered":"<p>Une question? Une demande de rendez-vous? Contactez-moi&#8230; Acekiss Tattoo (uniquement sur rdv) Adresse du salon : 44, avenue de Saint Menet &#8211; 13011 Marseille Mail: &hellip;<\/p>\n","protected":false},"author":1,"featured_media":0,"parent":0,"menu_order":0,"comment_status":"closed","ping_status":"closed","template":"","meta":{"footnotes":""},"class_list":["post-186","page","type-page","status-publish","hentry"],"yoast_head":"<!-- This site is optimized with the Yoast SEO plugin v26.6 - https:\/\/yoast.com\/wordpress\/plugins\/seo\/ -->\n<title>Contactez moi - Acekiss Tattoo<\/title>\n<meta name=\"description\" content=\"N&#039;oubliez pas, je re\u00e7ois uniquement sur rendez-vous. En revanche je reste disponible par t\u00e9l\u00e9phone du lundi au Samedi, de 8h \u00e0 20h.\" \/>\n<meta name=\"robots\" content=\"index, follow, max-snippet:-1, max-image-preview:large, max-video-preview:-1\" \/>\n<link rel=\"canonical\" href=\"http:\/\/www.acekisstattoo.fr\/index.php\/salon-acekiss-tattoo-uniquement-sur-rdv\/\" \/>\n<meta property=\"og:locale\" content=\"fr_FR\" \/>\n<meta property=\"og:type\" content=\"article\" \/>\n<meta property=\"og:title\" content=\"Venir sur le Salon Acekiss Tattoo\" \/>\n<meta property=\"og:description\" content=\"N&#039;oubliez pas, je re\u00e7ois uniquement sur rendez-vous. En revanche je reste disponible par t\u00e9l\u00e9phone du lundi au Samedi, de 8h \u00e0 20h.\" \/>\n<meta property=\"og:url\" content=\"http:\/\/www.acekisstattoo.fr\/index.php\/salon-acekiss-tattoo-uniquement-sur-rdv\/\" \/>\n<meta property=\"og:site_name\" content=\"Acekiss Tattoo\" \/>\n<meta property=\"article:publisher\" content=\"https:\/\/www.facebook.com\/acekiss.tatoo\" \/>\n<meta property=\"article:modified_time\" content=\"2024-10-07T07:12:53+00:00\" \/>\n<meta property=\"og:image\" content=\"http:\/\/www.acekisstattoo.fr\/wp-content\/uploads\/2022\/10\/2022_10_27_23_56_30_Venir_au_Salon_Acekiss_Tattoo_Mozilla_Firefox.jpg\" \/>\n\t<meta property=\"og:image:width\" content=\"605\" \/>\n\t<meta property=\"og:image:height\" content=\"460\" \/>\n\t<meta property=\"og:image:type\" content=\"image\/jpeg\" \/>\n<meta name=\"twitter:card\" content=\"summary_large_image\" \/>\n<meta name=\"twitter:title\" content=\"Venir sur le Salon Acekiss Tattoo\" \/>\n<meta name=\"twitter:description\" content=\"N&#039;oubliez pas, je re\u00e7ois uniquement sur rendez-vous. En revanche je reste disponible par t\u00e9l\u00e9phone du lundi au Samedi, de 8h \u00e0 20h.\" \/>\n<meta name=\"twitter:image\" content=\"https:\/\/www.acekisstattoo.fr\/wp-content\/uploads\/2022\/10\/2022_10_27_23_56_30_Venir_au_Salon_Acekiss_Tattoo_Mozilla_Firefox.jpg\" \/>\n<meta name=\"twitter:label1\" content=\"Dur\u00e9e de lecture estim\u00e9e\" \/>\n\t<meta name=\"twitter:data1\" content=\"1 minute\" \/>\n<script type=\"application\/ld+json\" class=\"yoast-schema-graph\">{\"@context\":\"https:\/\/schema.org\",\"@graph\":[{\"@type\":\"WebPage\",\"@id\":\"http:\/\/www.acekisstattoo.fr\/index.php\/salon-acekiss-tattoo-uniquement-sur-rdv\/\",\"url\":\"http:\/\/www.acekisstattoo.fr\/index.php\/salon-acekiss-tattoo-uniquement-sur-rdv\/\",\"name\":\"Contactez moi - Acekiss Tattoo\",\"isPartOf\":{\"@id\":\"http:\/\/www.acekisstattoo.fr\/#website\"},\"datePublished\":\"2022-10-27T21:18:37+00:00\",\"dateModified\":\"2024-10-07T07:12:53+00:00\",\"description\":\"N'oubliez pas, je re\u00e7ois uniquement sur rendez-vous. En revanche je reste disponible par t\u00e9l\u00e9phone du lundi au Samedi, de 8h \u00e0 20h.\",\"breadcrumb\":{\"@id\":\"http:\/\/www.acekisstattoo.fr\/index.php\/salon-acekiss-tattoo-uniquement-sur-rdv\/#breadcrumb\"},\"inLanguage\":\"fr-FR\",\"potentialAction\":[{\"@type\":\"ReadAction\",\"target\":[\"http:\/\/www.acekisstattoo.fr\/index.php\/salon-acekiss-tattoo-uniquement-sur-rdv\/\"]}]},{\"@type\":\"BreadcrumbList\",\"@id\":\"http:\/\/www.acekisstattoo.fr\/index.php\/salon-acekiss-tattoo-uniquement-sur-rdv\/#breadcrumb\",\"itemListElement\":[{\"@type\":\"ListItem\",\"position\":1,\"name\":\"Accueil\",\"item\":\"http:\/\/www.acekisstattoo.fr\/\"},{\"@type\":\"ListItem\",\"position\":2,\"name\":\"Contactez moi\"}]},{\"@type\":\"WebSite\",\"@id\":\"http:\/\/www.acekisstattoo.fr\/#website\",\"url\":\"http:\/\/www.acekisstattoo.fr\/\",\"name\":\"Acekiss Tattoo\",\"description\":\"Votre salon tattoo sur Marseille\",\"publisher\":{\"@id\":\"http:\/\/www.acekisstattoo.fr\/#organization\"},\"potentialAction\":[{\"@type\":\"SearchAction\",\"target\":{\"@type\":\"EntryPoint\",\"urlTemplate\":\"http:\/\/www.acekisstattoo.fr\/?s={search_term_string}\"},\"query-input\":{\"@type\":\"PropertyValueSpecification\",\"valueRequired\":true,\"valueName\":\"search_term_string\"}}],\"inLanguage\":\"fr-FR\"},{\"@type\":\"Organization\",\"@id\":\"http:\/\/www.acekisstattoo.fr\/#organization\",\"name\":\"Acekiss Tattoo\",\"url\":\"http:\/\/www.acekisstattoo.fr\/\",\"logo\":{\"@type\":\"ImageObject\",\"inLanguage\":\"fr-FR\",\"@id\":\"http:\/\/www.acekisstattoo.fr\/#\/schema\/logo\/image\/\",\"url\":\"https:\/\/acekisstattoo.fr\/wp-content\/uploads\/2022\/10\/site-acekisstattoo.jpg\",\"contentUrl\":\"https:\/\/acekisstattoo.fr\/wp-content\/uploads\/2022\/10\/site-acekisstattoo.jpg\",\"width\":1899,\"height\":890,\"caption\":\"Acekiss Tattoo\"},\"image\":{\"@id\":\"http:\/\/www.acekisstattoo.fr\/#\/schema\/logo\/image\/\"},\"sameAs\":[\"https:\/\/www.facebook.com\/acekiss.tatoo\",\"https:\/\/www.instagram.com\/acekiss_tattoo\/\",\"https:\/\/www.snapchat.com\/add\/acekisstattoo\"]}]}<\/script>\n<!-- \/ Yoast SEO plugin. -->","yoast_head_json":{"title":"Contactez moi - Acekiss Tattoo","description":"N'oubliez pas, je re\u00e7ois uniquement sur rendez-vous. En revanche je reste disponible par t\u00e9l\u00e9phone du lundi au Samedi, de 8h \u00e0 20h.","robots":{"index":"index","follow":"follow","max-snippet":"max-snippet:-1","max-image-preview":"max-image-preview:large","max-video-preview":"max-video-preview:-1"},"canonical":"http:\/\/www.acekisstattoo.fr\/index.php\/salon-acekiss-tattoo-uniquement-sur-rdv\/","og_locale":"fr_FR","og_type":"article","og_title":"Venir sur le Salon Acekiss Tattoo","og_description":"N'oubliez pas, je re\u00e7ois uniquement sur rendez-vous. En revanche je reste disponible par t\u00e9l\u00e9phone du lundi au Samedi, de 8h \u00e0 20h.","og_url":"http:\/\/www.acekisstattoo.fr\/index.php\/salon-acekiss-tattoo-uniquement-sur-rdv\/","og_site_name":"Acekiss Tattoo","article_publisher":"https:\/\/www.facebook.com\/acekiss.tatoo","article_modified_time":"2024-10-07T07:12:53+00:00","og_image":[{"width":605,"height":460,"url":"http:\/\/www.acekisstattoo.fr\/wp-content\/uploads\/2022\/10\/2022_10_27_23_56_30_Venir_au_Salon_Acekiss_Tattoo_Mozilla_Firefox.jpg","type":"image\/jpeg"}],"twitter_card":"summary_large_image","twitter_title":"Venir sur le Salon Acekiss Tattoo","twitter_description":"N'oubliez pas, je re\u00e7ois uniquement sur rendez-vous. En revanche je reste disponible par t\u00e9l\u00e9phone du lundi au Samedi, de 8h \u00e0 20h.","twitter_image":"https:\/\/www.acekisstattoo.fr\/wp-content\/uploads\/2022\/10\/2022_10_27_23_56_30_Venir_au_Salon_Acekiss_Tattoo_Mozilla_Firefox.jpg","twitter_misc":{"Dur\u00e9e de lecture estim\u00e9e":"1 minute"},"schema":{"@context":"https:\/\/schema.org","@graph":[{"@type":"WebPage","@id":"http:\/\/www.acekisstattoo.fr\/index.php\/salon-acekiss-tattoo-uniquement-sur-rdv\/","url":"http:\/\/www.acekisstattoo.fr\/index.php\/salon-acekiss-tattoo-uniquement-sur-rdv\/","name":"Contactez moi - Acekiss Tattoo","isPartOf":{"@id":"http:\/\/www.acekisstattoo.fr\/#website"},"datePublished":"2022-10-27T21:18:37+00:00","dateModified":"2024-10-07T07:12:53+00:00","description":"N'oubliez pas, je re\u00e7ois uniquement sur rendez-vous. En revanche je reste disponible par t\u00e9l\u00e9phone du lundi au Samedi, de 8h \u00e0 20h.","breadcrumb":{"@id":"http:\/\/www.acekisstattoo.fr\/index.php\/salon-acekiss-tattoo-uniquement-sur-rdv\/#breadcrumb"},"inLanguage":"fr-FR","potentialAction":[{"@type":"ReadAction","target":["http:\/\/www.acekisstattoo.fr\/index.php\/salon-acekiss-tattoo-uniquement-sur-rdv\/"]}]},{"@type":"BreadcrumbList","@id":"http:\/\/www.acekisstattoo.fr\/index.php\/salon-acekiss-tattoo-uniquement-sur-rdv\/#breadcrumb","itemListElement":[{"@type":"ListItem","position":1,"name":"Accueil","item":"http:\/\/www.acekisstattoo.fr\/"},{"@type":"ListItem","position":2,"name":"Contactez moi"}]},{"@type":"WebSite","@id":"http:\/\/www.acekisstattoo.fr\/#website","url":"http:\/\/www.acekisstattoo.fr\/","name":"Acekiss Tattoo","description":"Votre salon tattoo sur Marseille","publisher":{"@id":"http:\/\/www.acekisstattoo.fr\/#organization"},"potentialAction":[{"@type":"SearchAction","target":{"@type":"EntryPoint","urlTemplate":"http:\/\/www.acekisstattoo.fr\/?s={search_term_string}"},"query-input":{"@type":"PropertyValueSpecification","valueRequired":true,"valueName":"search_term_string"}}],"inLanguage":"fr-FR"},{"@type":"Organization","@id":"http:\/\/www.acekisstattoo.fr\/#organization","name":"Acekiss Tattoo","url":"http:\/\/www.acekisstattoo.fr\/","logo":{"@type":"ImageObject","inLanguage":"fr-FR","@id":"http:\/\/www.acekisstattoo.fr\/#\/schema\/logo\/image\/","url":"https:\/\/acekisstattoo.fr\/wp-content\/uploads\/2022\/10\/site-acekisstattoo.jpg","contentUrl":"https:\/\/acekisstattoo.fr\/wp-content\/uploads\/2022\/10\/site-acekisstattoo.jpg","width":1899,"height":890,"caption":"Acekiss Tattoo"},"image":{"@id":"http:\/\/www.acekisstattoo.fr\/#\/schema\/logo\/image\/"},"sameAs":["https:\/\/www.facebook.com\/acekiss.tatoo","https:\/\/www.instagram.com\/acekiss_tattoo\/","https:\/\/www.snapchat.com\/add\/acekisstattoo"]}]}},"_links":{"self":[{"href":"https:\/\/www.acekisstattoo.fr\/index.php\/wp-json\/wp\/v2\/pages\/186","targetHints":{"allow":["GET"]}}],"collection":[{"href":"https:\/\/www.acekisstattoo.fr\/index.php\/wp-json\/wp\/v2\/pages"}],"about":[{"href":"https:\/\/www.acekisstattoo.fr\/index.php\/wp-json\/wp\/v2\/types\/page"}],"author":[{"embeddable":true,"href":"https:\/\/www.acekisstattoo.fr\/index.php\/wp-json\/wp\/v2\/users\/1"}],"replies":[{"embeddable":true,"href":"https:\/\/www.acekisstattoo.fr\/index.php\/wp-json\/wp\/v2\/comments?post=186"}],"version-history":[{"count":25,"href":"https:\/\/www.acekisstattoo.fr\/index.php\/wp-json\/wp\/v2\/pages\/186\/revisions"}],"predecessor-version":[{"id":489,"href":"https:\/\/www.acekisstattoo.fr\/index.php\/wp-json\/wp\/v2\/pages\/186\/revisions\/489"}],"wp:attachment":[{"href":"https:\/\/www.acekisstattoo.fr\/index.php\/wp-json\/wp\/v2\/media?parent=186"}],"curies":[{"name":"wp","href":"https:\/\/api.w.org\/{rel}","templated":true}]}}